{"id":1674,"date":"2025-03-21T00:59:50","date_gmt":"2025-03-20T17:59:50","guid":{"rendered":"https:\/\/gemphonefarm.vn\/?page_id=1674"},"modified":"2025-03-21T00:59:50","modified_gmt":"2025-03-20T17:59:50","slug":"dieu-khoan-su-dung","status":"publish","type":"page","link":"https:\/\/gemphonefarm.vn\/es\/reglas-de-uso\/","title":{"rendered":"Condiciones de uso"},"content":{"rendered":"<div class=\"fancybox\"><p data-start=\"119\" data-end=\"514\">Bienvenido a <strong data-start=\"141\" data-end=\"157\">Granja de tel\u00e9fonos de gemas<\/strong>!<br data-start=\"158\" data-end=\"161\" \/>Estos t\u00e9rminos se aplican a su uso del sitio web, los servicios y las aplicaciones inform\u00e1ticas. <strong data-start=\"251\" data-end=\"267\">Granja de tel\u00e9fonos de gemas<\/strong> (colectivamente \u201cGemPhoneFarm\u201d, \u201cnosotros\u201d, \u201cnos\u201d). Cuando accede, descarga o utiliza cualquiera de los servicios de <strong data-start=\"376\" data-end=\"392\">Granja de tel\u00e9fonos de gemas<\/strong>, significa que ha le\u00eddo, comprendido y acepta todos estos t\u00e9rminos, as\u00ed como nuestra Pol\u00edtica de privacidad.<\/p>\n<h3 data-start=\"516\" data-end=\"544\"><strong data-start=\"520\" data-end=\"544\">Servicio GemPhoneFarm<\/strong><\/h3>\n<p data-start=\"545\" data-end=\"812\">Ofrecemos un servicio para crear, administrar, compartir y usar archivos de configuraci\u00f3n de navegadores virtuales en uno o m\u00e1s dispositivos, y controlar la identificaci\u00f3n de navegadores y dispositivos mediante la aplicaci\u00f3n. Puede obtener m\u00e1s informaci\u00f3n sobre este servicio en nuestro sitio web.<\/p>\n<p data-start=\"814\" data-end=\"881\">Nos reservamos el derecho de limitar el n\u00famero de servicios que ofrecemos.<\/p>\n<p data-start=\"883\" data-end=\"970\">Estamos comprometidos con un servicio de calidad y haremos todo lo posible para superar sus expectativas.<\/p>\n<h3 data-start=\"972\" data-end=\"997\"><strong data-start=\"976\" data-end=\"997\">Condiciones de uso<\/strong><\/h3>\n<p data-start=\"998\" data-end=\"1355\">Debe cumplir ciertos criterios para poder utilizar nuestros servicios. <strong data-start=\"1061\" data-end=\"1077\">Granja de tel\u00e9fonos de gemas<\/strong>Puedes seguir el sitio web <strong data-start=\"1109\" data-end=\"1125\">Granja de tel\u00e9fonos de gemas<\/strong> Sin necesidad de registrar una cuenta. Sin embargo, al registrar una cuenta, debe tener al menos 18 a\u00f1os o la edad legal en su lugar de residencia. Usted es responsable de su cuenta y de todas las actividades que realice en ella.<\/p>\n<p data-start=\"1357\" data-end=\"1624\">Al acceder o utilizar nuestros servicios, usted se compromete a no infringir ninguna ley, derecho contractual, propiedad intelectual o derechos de terceros, ni a cometer actos perjudiciales. Usted es el \u00fanico responsable de todas sus acciones al utilizar los servicios.<\/p>\n<p data-start=\"1626\" data-end=\"1649\">En concreto, no podr\u00e1:<\/p>\n<ul data-start=\"1650\" data-end=\"2120\">\n<li data-start=\"1650\" data-end=\"1728\">Infringir o violar los derechos de terceros, violar la ley o el contrato.<\/li>\n<li data-start=\"1729\" data-end=\"1767\">Da\u00f1ar las computadoras de otras personas.<\/li>\n<li data-start=\"1768\" data-end=\"1830\">Distribuir virus o contenido malicioso que interrumpa el servicio.<\/li>\n<li data-start=\"1831\" data-end=\"1898\">Intentar interferir con el funcionamiento normal de <strong data-start=\"1881\" data-end=\"1897\">Granja de tel\u00e9fonos de gemas<\/strong>.<\/li>\n<li data-start=\"1899\" data-end=\"1953\">Usar la cuenta de otra persona sin permiso.<\/li>\n<li data-start=\"1954\" data-end=\"2045\">Da\u00f1os a sistemas, datos, contrase\u00f1as o informaci\u00f3n <strong data-start=\"2012\" data-end=\"2028\">Granja de tel\u00e9fonos de gemas<\/strong> o de terceros.<\/li>\n<li data-start=\"2046\" data-end=\"2120\">Provocar una sobrecarga en nuestros sistemas o en los de terceros proveedores.<\/li>\n<\/ul>\n<h3 data-start=\"2122\" data-end=\"2141\"><strong data-start=\"2126\" data-end=\"2141\">Paquete de suscripci\u00f3n<\/strong><\/h3>\n<p data-start=\"2142\" data-end=\"2385\">Una vez que hayas instalado la aplicaci\u00f3n y configurado tu cuenta, puedes elegir el plan de suscripci\u00f3n est\u00e1ndar que mejor se adapte a tus necesidades. Los costos y las caracter\u00edsticas de cada plan se describen en la p\u00e1gina de Precios. <a target=\"_new\" rel=\"noopener\" data-start=\"2316\" data-end=\"2384\">https:\/\/gemphonefarm.vn\/bang-gia<\/a>.<\/p>\n<p data-start=\"2387\" data-end=\"2493\">Si necesita una soluci\u00f3n personalizada, comun\u00edquese con el servicio de atenci\u00f3n al cliente a trav\u00e9s de la p\u00e1gina de fans oficial para obtener asesoramiento.<\/p>\n<h3 data-start=\"2495\" data-end=\"2516\"><strong data-start=\"2499\" data-end=\"2516\">Eliminar cuenta<\/strong><\/h3>\n<p data-start=\"2517\" data-end=\"2794\">Puedes contactarnos para eliminar tu cuenta en el sitio web o la app. Ten en cuenta que, tras eliminar tu cuenta, se eliminar\u00e1n todos los datos de tu cuenta y de las cuentas de los miembros de tu grupo. Si quieres volver a registrarte, tendr\u00e1s que hacerlo de nuevo para poder usar el servicio.<\/p>\n<h3 data-start=\"2796\" data-end=\"2823\"><strong data-start=\"2800\" data-end=\"2823\">Descargo de responsabilidad<\/strong><\/h3>\n<p data-start=\"2824\" data-end=\"2882\">No seremos responsables en los siguientes casos:<\/p>\n<ul data-start=\"2883\" data-end=\"3227\">\n<li data-start=\"2883\" data-end=\"2977\">El servidor es inaccesible o se pierden datos debido a que el usuario no renueva el servicio a tiempo.<\/li>\n<li data-start=\"2978\" data-end=\"3043\">Errores causados por mal uso del usuario o violaci\u00f3n de los t\u00e9rminos de uso.<\/li>\n<li data-start=\"3044\" data-end=\"3164\">Inaccesibilidad o p\u00e9rdida de datos debido a causas de fuerza mayor como desastres naturales, ataques de denegaci\u00f3n de servicio (DDoS), mantenimiento del sistema.<\/li>\n<li data-start=\"3165\" data-end=\"3227\">Fallo de red a gran escala fuera de nuestro control.<\/li>\n<\/ul>\n<p data-start=\"3229\" data-end=\"3427\">Recomendamos que los usuarios realicen copias de seguridad de sus datos peri\u00f3dicamente para garantizar la seguridad de los datos y mantener operaciones estables. <strong data-start=\"3352\" data-end=\"3368\">Granja de tel\u00e9fonos de gemas<\/strong> no tiene obligaci\u00f3n de proporcionar datos de respaldo a los usuarios.<\/p>\n<p data-start=\"3429\" data-end=\"3612\">No monitoreamos los prop\u00f3sitos que los usuarios tienen para usar el servicio. <strong data-start=\"3495\" data-end=\"3511\">Granja de tel\u00e9fonos de gemas<\/strong> no ser\u00e1 responsable de ning\u00fan da\u00f1o o p\u00e9rdida en relaci\u00f3n con su uso del servicio.<\/p>\n<h3 data-start=\"3614\" data-end=\"3674\"><strong data-start=\"3618\" data-end=\"3674\">Descargo de responsabilidad para sitios web de terceros<\/strong><\/h3>\n<p data-start=\"3675\" data-end=\"3924\">Cualquier enlace a sitios web de terceros desde <strong data-start=\"3723\" data-end=\"3739\">Granja de tel\u00e9fonos de gemas<\/strong> no implica respaldo ni garant\u00eda sobre la exactitud de la informaci\u00f3n aqu\u00ed contenida. Si sufre alg\u00fan da\u00f1o como resultado del uso de un producto o servicio de terceros, <strong data-start=\"3884\" data-end=\"3900\">Granja de tel\u00e9fonos de gemas<\/strong> no responsable<\/p>\n<p data-start=\"3926\" data-end=\"4040\">Le recomendamos que lea atentamente los t\u00e9rminos y pol\u00edticas de privacidad de sitios web de terceros antes de utilizarlos.<\/p>\n<h3 data-start=\"4042\" data-end=\"4067\"><strong data-start=\"4046\" data-end=\"4067\">Datos de contacto<\/strong><\/h3>\n<p data-start=\"4068\" data-end=\"4255\">Para obtener m\u00e1s informaci\u00f3n sobre <strong data-start=\"4094\" data-end=\"4110\">Granja de tel\u00e9fonos de gemas<\/strong>Puedes consultar nuestro sitio web. Si tienes alguna pregunta sobre estos t\u00e9rminos, contacta con atenci\u00f3n al cliente a trav\u00e9s de la p\u00e1gina oficial.<\/p>\n<h3 data-start=\"4257\" data-end=\"4292\"><strong data-start=\"4261\" data-end=\"4292\">Cambios en los T\u00e9rminos de Servicio<\/strong><\/h3>\n<p data-start=\"4293\" data-end=\"4457\"><strong data-start=\"4293\" data-end=\"4309\">Granja de tel\u00e9fonos de gemas<\/strong> Se reserva el derecho de modificar estos t\u00e9rminos de servicio en cualquier momento. Le recomendamos consultar esta p\u00e1gina con frecuencia para obtener la informaci\u00f3n m\u00e1s reciente.<\/p>\n<p data-start=\"4459\" data-end=\"4551\">Al continuar utilizando el servicio, usted acepta cualquier cambio a estos t\u00e9rminos.<\/p>\n<\/div>","protected":false},"excerpt":{"rendered":"<p>\u00a1Bienvenido a GemPhoneFarm! Estos t\u00e9rminos se aplican a su uso del sitio web, los servicios y las aplicaciones inform\u00e1ticas de GemPhoneFarm (en conjunto, \u00abGemPhoneFarm\u00bb, \u00abnosotros\u00bb, \u00abnos\u00bb o \u00abnuestro\u00bb). Al acceder, descargar o utilizar cualquiera de los servicios de GemPhoneFarm, usted reconoce haber le\u00eddo,\u2026<\/p>","protected":false},"author":1,"featured_media":0,"parent":0,"menu_order":0,"comment_status":"closed","ping_status":"closed","template":"","meta":{"_kad_post_transparent":"default","_kad_post_title":"default","_kad_post_layout":"default","_kad_post_sidebar_id":"","_kad_post_content_style":"default","_kad_post_vertical_padding":"default","_kad_post_feature":"","_kad_post_feature_position":"","_kad_post_header":false,"_kad_post_footer":false,"footnotes":""},"class_list":["post-1674","page","type-page","status-publish","hentry"],"_links":{"self":[{"href":"https:\/\/gemphonefarm.vn\/es\/wp-json\/wp\/v2\/pages\/1674","targetHints":{"allow":["GET"]}}],"collection":[{"href":"https:\/\/gemphonefarm.vn\/es\/wp-json\/wp\/v2\/pages"}],"about":[{"href":"https:\/\/gemphonefarm.vn\/es\/wp-json\/wp\/v2\/types\/page"}],"author":[{"embeddable":true,"href":"https:\/\/gemphonefarm.vn\/es\/wp-json\/wp\/v2\/users\/1"}],"replies":[{"embeddable":true,"href":"https:\/\/gemphonefarm.vn\/es\/wp-json\/wp\/v2\/comments?post=1674"}],"version-history":[{"count":1,"href":"https:\/\/gemphonefarm.vn\/es\/wp-json\/wp\/v2\/pages\/1674\/revisions"}],"predecessor-version":[{"id":1675,"href":"https:\/\/gemphonefarm.vn\/es\/wp-json\/wp\/v2\/pages\/1674\/revisions\/1675"}],"wp:attachment":[{"href":"https:\/\/gemphonefarm.vn\/es\/wp-json\/wp\/v2\/media?parent=1674"}],"curies":[{"name":"wp","href":"https:\/\/api.w.org\/{rel}","templated":true}]}}