{"id":1676,"date":"2025-03-21T01:01:07","date_gmt":"2025-03-20T18:01:07","guid":{"rendered":"https:\/\/gemphonefarm.vn\/?page_id=1676"},"modified":"2025-03-21T01:01:07","modified_gmt":"2025-03-20T18:01:07","slug":"chinh-sach-bao-mat","status":"publish","type":"page","link":"https:\/\/gemphonefarm.vn\/es\/politica-de-privacidad\/","title":{"rendered":"pol\u00edtica de privacidad"},"content":{"rendered":"<div class=\"fancybox\"><p data-start=\"105\" data-end=\"391\">Bienvenido a <strong data-start=\"127\" data-end=\"143\">Granja de tel\u00e9fonos de gemas<\/strong>Respetamos su privacidad y nos comprometemos a proteger la informaci\u00f3n personal de nuestros clientes. Esta pol\u00edtica de privacidad explica c\u00f3mo recopilamos, usamos y protegemos sus datos personales cuando utiliza nuestro sitio web y nuestros servicios. <strong data-start=\"374\" data-end=\"390\">Granja de tel\u00e9fonos de gemas<\/strong>.<\/p>\n<h3 data-start=\"393\" data-end=\"432\"><strong data-start=\"397\" data-end=\"432\">1. Informaci\u00f3n que recopilamos<\/strong><\/h3>\n<p data-start=\"433\" data-end=\"513\">Podemos recopilar diversos tipos de informaci\u00f3n sobre los usuarios, incluidos:<\/p>\n<p data-start=\"515\" data-end=\"638\">\ud83d\udd39 <strong data-start=\"518\" data-end=\"539\">Informaci\u00f3n personal<\/strong><br data-start=\"539\" data-end=\"542\" \/>Nombre, direcci\u00f3n de correo electr\u00f3nico, n\u00famero de tel\u00e9fono (si corresponde) cuando registra una cuenta o se comunica con nosotros.<\/p>\n<p data-start=\"640\" data-end=\"752\">\ud83d\udd39 <strong data-start=\"643\" data-end=\"662\">Datos de uso<\/strong><br data-start=\"662\" data-end=\"665\" \/>Direcci\u00f3n IP, tipo de navegador, sistema operativo, p\u00e1ginas que visita, tiempos de acceso.<\/p>\n<p data-start=\"754\" data-end=\"905\">\ud83d\udd39 <strong data-start=\"757\" data-end=\"790\">Cookies y tecnolog\u00edas de seguimiento<\/strong><br data-start=\"790\" data-end=\"793\" \/>Utilizamos cookies para personalizar tu experiencia y recopilar datos sobre c\u00f3mo se utiliza el sitio.<\/p>\n<h3 data-start=\"907\" data-end=\"958\"><strong data-start=\"911\" data-end=\"958\">2. C\u00f3mo usamos su informaci\u00f3n<\/strong><\/h3>\n<p data-start=\"959\" data-end=\"1024\">La informaci\u00f3n recopilada podr\u00e1 ser utilizada para los siguientes fines:<\/p>\n<p data-start=\"1026\" data-end=\"1318\">\u2705 <strong data-start=\"1028\" data-end=\"1048\">Prestaci\u00f3n de servicios<\/strong>:Gesti\u00f3n de cuentas, atenci\u00f3n al cliente.<br data-start=\"1087\" data-end=\"1090\" \/>\u2705 <strong data-start=\"1092\" data-end=\"1105\">Comunicar<\/strong>:Env\u00eda actualizaciones y notificaciones importantes.<br data-start=\"1152\" data-end=\"1155\" \/>\u2705 <strong data-start=\"1157\" data-end=\"1193\">Mejorar la experiencia del usuario<\/strong>:An\u00e1lisis del comportamiento para mejorar la calidad del servicio.<br data-start=\"1244\" data-end=\"1247\" \/>\u2705 <strong data-start=\"1249\" data-end=\"1260\">Seguridad<\/strong>:Prevenir comportamiento fraudulento, mejorar la seguridad del sistema.<\/p>\n<h3 data-start=\"1320\" data-end=\"1356\"><strong data-start=\"1324\" data-end=\"1356\">3. Compartir su informaci\u00f3n<\/strong><\/h3>\n<p data-start=\"1357\" data-end=\"1474\"><strong data-start=\"1357\" data-end=\"1373\">Granja de tel\u00e9fonos de gemas<\/strong> No vendemos, comercializamos ni transferimos de ning\u00fan modo su informaci\u00f3n personal a terceros, excepto:<\/p>\n<p data-start=\"1476\" data-end=\"1644\">\ud83d\udd39 <strong data-start=\"1479\" data-end=\"1503\">Proveedor de servicios<\/strong>:Soporte al funcionamiento del sistema (seg\u00fan compromiso de seguridad).<br data-start=\"1553\" data-end=\"1556\" \/>\ud83d\udd39 <strong data-start=\"1559\" data-end=\"1578\">Requisitos legales<\/strong>:Si lo solicitan las autoridades competentes seg\u00fan lo prescrito por la ley.<\/p>\n<h3 data-start=\"1646\" data-end=\"1672\"><strong data-start=\"1650\" data-end=\"1672\">4. Seguridad de los datos<\/strong><\/h3>\n<p data-start=\"1673\" data-end=\"1752\">Implementamos una variedad de medidas de seguridad para proteger su informaci\u00f3n, incluyendo:<\/p>\n<p data-start=\"1754\" data-end=\"1865\">\ud83d\udd12 <strong data-start=\"1757\" data-end=\"1800\">Cifrar datos confidenciales en tr\u00e1nsito.<\/strong><br data-start=\"1800\" data-end=\"1803\" \/>\ud83d\udd12 <strong data-start=\"1806\" data-end=\"1865\">Restringir el acceso \u00fanicamente al personal esencial.<\/strong><\/p>\n<h3 data-start=\"1867\" data-end=\"1891\"><strong data-start=\"1871\" data-end=\"1891\">5. Sus derechos<\/strong><\/h3>\n<p data-start=\"1892\" data-end=\"1905\">Tienes derecho a:<\/p>\n<p data-start=\"1907\" data-end=\"2060\">\u2714 Acceder y solicitar una copia de sus datos personales.<br data-start=\"1962\" data-end=\"1965\" \/>\u2714 Solicitar la correcci\u00f3n o supresi\u00f3n de datos personales.<br data-start=\"2010\" data-end=\"2013\" \/>\u2714 Optar por no recibir comunicaciones de marketing de nuestra parte.<\/p>\n<p data-start=\"2062\" data-end=\"2181\">\ud83d\udce9 Para ejercer estos derechos, p\u00f3ngase en contacto con nosotros a trav\u00e9s de <strong data-start=\"2128\" data-end=\"2150\">P\u00e1gina oficial de fans<\/strong>:<br data-start=\"2151\" data-end=\"2154\" \/>\ud83d\udc49 <strong data-start=\"2157\" data-end=\"2181\">P\u00e1gina de fans de GemPhoneFarm<\/strong><\/p>\n<h3 data-start=\"2183\" data-end=\"2201\"><strong data-start=\"2187\" data-end=\"2201\">6. Galletas<\/strong><\/h3>\n<p data-start=\"2202\" data-end=\"2390\">\ud83d\udd39 Utilizamos cookies para mejorar la experiencia del usuario.<br data-start=\"2267\" data-end=\"2270\" \/>\ud83d\udd39 Puede desactivar las cookies en la configuraci\u00f3n de su navegador, pero esto puede afectar algunas funciones del sitio web.<\/p>\n<h3 data-start=\"2392\" data-end=\"2422\"><strong data-start=\"2396\" data-end=\"2422\">7. Enlaces de terceros<\/strong><\/h3>\n<p data-start=\"2423\" data-end=\"2649\">Sitio web <strong data-start=\"2433\" data-end=\"2449\">Granja de tel\u00e9fonos de gemas<\/strong> Puede contener enlaces a sitios web de terceros. No nos responsabilizamos de las pol\u00edticas de privacidad de dichos sitios. Lea atentamente sus pol\u00edticas antes de proporcionar informaci\u00f3n personal.<\/p>\n<h3 data-start=\"2651\" data-end=\"2683\"><strong data-start=\"2655\" data-end=\"2683\">8. Cont\u00e1ctenos<\/strong><\/h3>\n<p data-start=\"2684\" data-end=\"2803\">Si tiene alguna pregunta sobre esta pol\u00edtica de privacidad, comun\u00edquese con:<br data-start=\"2758\" data-end=\"2761\" \/>\ud83d\udccc <strong data-start=\"2764\" data-end=\"2803\">P\u00e1gina oficial de fans de GemPhoneFarm<\/strong><\/p>\n<\/div>","protected":false},"excerpt":{"rendered":"<p>Bienvenido a GemPhoneFarm. Respetamos su privacidad y nos comprometemos a proteger la informaci\u00f3n personal de nuestros clientes. Esta pol\u00edtica de privacidad explica c\u00f3mo recopilamos, usamos y protegemos sus datos personales cuando utiliza nuestro sitio web y\u2026<\/p>","protected":false},"author":1,"featured_media":0,"parent":0,"menu_order":0,"comment_status":"closed","ping_status":"closed","template":"","meta":{"_kad_post_transparent":"default","_kad_post_title":"default","_kad_post_layout":"default","_kad_post_sidebar_id":"","_kad_post_content_style":"default","_kad_post_vertical_padding":"default","_kad_post_feature":"","_kad_post_feature_position":"","_kad_post_header":false,"_kad_post_footer":false,"footnotes":""},"class_list":["post-1676","page","type-page","status-publish","hentry"],"_links":{"self":[{"href":"https:\/\/gemphonefarm.vn\/es\/wp-json\/wp\/v2\/pages\/1676","targetHints":{"allow":["GET"]}}],"collection":[{"href":"https:\/\/gemphonefarm.vn\/es\/wp-json\/wp\/v2\/pages"}],"about":[{"href":"https:\/\/gemphonefarm.vn\/es\/wp-json\/wp\/v2\/types\/page"}],"author":[{"embeddable":true,"href":"https:\/\/gemphonefarm.vn\/es\/wp-json\/wp\/v2\/users\/1"}],"replies":[{"embeddable":true,"href":"https:\/\/gemphonefarm.vn\/es\/wp-json\/wp\/v2\/comments?post=1676"}],"version-history":[{"count":2,"href":"https:\/\/gemphonefarm.vn\/es\/wp-json\/wp\/v2\/pages\/1676\/revisions"}],"predecessor-version":[{"id":1678,"href":"https:\/\/gemphonefarm.vn\/es\/wp-json\/wp\/v2\/pages\/1676\/revisions\/1678"}],"wp:attachment":[{"href":"https:\/\/gemphonefarm.vn\/es\/wp-json\/wp\/v2\/media?parent=1676"}],"curies":[{"name":"wp","href":"https:\/\/api.w.org\/{rel}","templated":true}]}}