{"id":1679,"date":"2025-03-21T01:01:53","date_gmt":"2025-03-20T18:01:53","guid":{"rendered":"https:\/\/gemphonefarm.vn\/?page_id=1679"},"modified":"2025-03-21T01:01:53","modified_gmt":"2025-03-20T18:01:53","slug":"chinh-sach-hoan-tien","status":"publish","type":"page","link":"https:\/\/gemphonefarm.vn\/es\/politica-de-reembolso\/","title":{"rendered":"Pol\u00edtica de reembolso"},"content":{"rendered":"<div class=\"fancybox\"><p data-start=\"83\" data-end=\"393\">En <strong data-start=\"87\" data-end=\"103\">Granja de tel\u00e9fonos de gemas<\/strong>Nos comprometemos a brindar un servicio de alta calidad y garantizar la satisfacci\u00f3n del cliente. Sin embargo, entendemos que puede haber situaciones en las que necesite solicitar un reembolso. Esta pol\u00edtica se implementa para garantizar la transparencia y la equidad en la gesti\u00f3n de las solicitudes.<\/p>\n<h3 data-start=\"395\" data-end=\"425\"><strong data-start=\"399\" data-end=\"425\">1. Condiciones de reembolso<\/strong><\/h3>\n<p data-start=\"427\" data-end=\"692\">\u23f3 <strong data-start=\"429\" data-end=\"451\">Per\u00edodo de prueba<\/strong><br data-start=\"451\" data-end=\"454\" \/>Ofrecemos un per\u00edodo de prueba gratuito para todos los nuevos usuarios.<br data-start=\"527\" data-end=\"530\" \/>T\u00f3mese este tiempo para evaluar el servicio antes de comprarlo.<br data-start=\"591\" data-end=\"594\" \/>Las solicitudes de reembolso despu\u00e9s del per\u00edodo de prueba solo se considerar\u00e1n en los casos espec\u00edficos a continuaci\u00f3n.<\/p>\n<p data-start=\"694\" data-end=\"948\">\ud83d\udccc <strong data-start=\"697\" data-end=\"725\">Solicitud de reembolso v\u00e1lida<\/strong><br data-start=\"725\" data-end=\"728\" \/>Solo aceptamos reembolsos en los siguientes casos:<br data-start=\"783\" data-end=\"786\" \/>\u2705 El software no se puede instalar ni utilizar en su dispositivo.<br data-start=\"850\" data-end=\"853\" \/>\u2705 El software no funciona como se anuncia y no recibe soporte de <strong data-start=\"931\" data-end=\"947\">Granja de tel\u00e9fonos de gemas<\/strong>.<\/p>\n<p data-start=\"950\" data-end=\"1224\">\ud83d\udd39 <strong data-start=\"953\" data-end=\"962\">Nota<\/strong>:\u201cNo funciona como se anuncia\u201d solo se aplica cuando el error est\u00e1 en el <strong data-start=\"1038\" data-end=\"1054\">Granja de tel\u00e9fonos de gemas<\/strong>No garantizamos que el software funcione para su trabajo espec\u00edfico. <strong data-start=\"1136\" data-end=\"1152\">Granja de tel\u00e9fonos de gemas<\/strong> es una herramienta y su eficacia depende enteramente del usuario.<\/p>\n<p data-start=\"1226\" data-end=\"1427\">\ud83d\udd39 Las plataformas se actualizan peri\u00f3dicamente para combatir los navegadores antidetecci\u00f3n. Nos comprometemos a actualizar el software lo antes posible, pero no es nuestra obligaci\u00f3n. <strong data-start=\"1410\" data-end=\"1426\">Granja de tel\u00e9fonos de gemas<\/strong>.<\/p>\n<p data-start=\"1429\" data-end=\"1568\">\u26a0 <strong data-start=\"1431\" data-end=\"1450\">No hay reembolsos<\/strong> Si el software no cumple con el trabajo deseado, tiene derecho a probarlo antes de comprarlo para comprobar su idoneidad.<\/p>\n<h3 data-start=\"1570\" data-end=\"1611\"><strong data-start=\"1574\" data-end=\"1611\">2. Casos de no reembolso<\/strong><\/h3>\n<p data-start=\"1613\" data-end=\"1978\">\ud83d\udeab <strong data-start=\"1616\" data-end=\"1635\">Cambio de la opini\u00f3n<\/strong>:No realizamos reembolsos si cambia de opini\u00f3n despu\u00e9s de la compra.<br data-start=\"1708\" data-end=\"1711\" \/>\ud83d\udeab <strong data-start=\"1714\" data-end=\"1736\">Violaci\u00f3n de los T\u00e9rminos<\/strong>:Si su cuenta se suspende o cancela debido a una violaci\u00f3n de los T\u00e9rminos de servicio, no ser\u00e1 elegible para un reembolso.<br data-start=\"1861\" data-end=\"1864\" \/>\ud83d\udeab <strong data-start=\"1867\" data-end=\"1886\">El registro expira<\/strong>:No se aceptar\u00e1n solicitudes de reembolso por servicios vencidos o totalmente utilizados.<\/p>\n<h3 data-start=\"1980\" data-end=\"2010\"><strong data-start=\"1984\" data-end=\"2010\">3. Proceso de reembolso<\/strong><\/h3>\n<p data-start=\"2012\" data-end=\"2144\">\ud83d\udce9 <strong data-start=\"2015\" data-end=\"2025\">Paso 1<\/strong>: <strong data-start=\"2027\" data-end=\"2042\">Enviar solicitud<\/strong><br data-start=\"2042\" data-end=\"2045\" \/>Contacte con atenci\u00f3n al cliente a trav\u00e9s de la Fanpage oficial.<br data-start=\"2094\" data-end=\"2097\" \/>Proporcionar informaci\u00f3n del pedido y el motivo del reembolso.<\/p>\n<p data-start=\"2146\" data-end=\"2340\">\ud83d\udcdd <strong data-start=\"2149\" data-end=\"2159\">Paso 2<\/strong>: <strong data-start=\"2161\" data-end=\"2185\">Revisi\u00f3n y aprobaci\u00f3n<\/strong><br data-start=\"2185\" data-end=\"2188\" \/>Cada solicitud ser\u00e1 revisada cuidadosamente por nuestro equipo.<br data-start=\"2251\" data-end=\"2254\" \/>Si se aprueba, el reembolso se procesar\u00e1 a trav\u00e9s del m\u00e9todo de pago original.<\/p>\n<p data-start=\"2342\" data-end=\"2539\">\u23f3 <strong data-start=\"2344\" data-end=\"2354\">Paso 3<\/strong>: <strong data-start=\"2356\" data-end=\"2375\">Tiempo de procesamiento<\/strong><br data-start=\"2375\" data-end=\"2378\" \/>Una vez aprobado, el reembolso se procesar\u00e1 dentro de 7 a 10 d\u00edas h\u00e1biles.<br data-start=\"2457\" data-end=\"2460\" \/>El tiempo que tarda en recibir los fondos puede variar seg\u00fan la pasarela de pago que utilice.<\/p>\n<h3 data-start=\"2541\" data-end=\"2563\"><strong data-start=\"2545\" data-end=\"2563\">4. Cancelaci\u00f3n del Servicio<\/strong><\/h3>\n<p data-start=\"2565\" data-end=\"2764\">\ud83d\udccc <strong data-start=\"2568\" data-end=\"2587\">Servicios de registro<\/strong>:<br data-start=\"2588\" data-end=\"2591\" \/>Si cancela su suscripci\u00f3n antes de que finalice su ciclo de facturaci\u00f3n, a\u00fan podr\u00e1 utilizar el servicio hasta que expire.<br data-start=\"2700\" data-end=\"2703\" \/>No realizamos reembolsos por el tiempo restante no utilizado.<\/p>\n<h3 data-start=\"2766\" data-end=\"2806\"><strong data-start=\"2770\" data-end=\"2806\">5. Cambios en la pol\u00edtica de reembolsos<\/strong><\/h3>\n<p data-start=\"2807\" data-end=\"2984\"><strong data-start=\"2807\" data-end=\"2823\">Granja de tel\u00e9fonos de gemas<\/strong> Se reserva el derecho de modificar o actualizar la Pol\u00edtica de Reembolsos en cualquier momento sin previo aviso. Cualquier cambio entrar\u00e1 en vigor inmediatamente despu\u00e9s de su publicaci\u00f3n en el sitio web.<\/p>\n<h3 data-start=\"2986\" data-end=\"3014\"><strong data-start=\"2990\" data-end=\"3014\">6. Informaci\u00f3n de contacto<\/strong><\/h3>\n<p data-start=\"3015\" data-end=\"3165\">\ud83d\udce2 Si tiene alguna pregunta sobre nuestra Pol\u00edtica de reembolso, cont\u00e1ctenos a trav\u00e9s de:<br data-start=\"3120\" data-end=\"3123\" \/>\ud83d\udccc <strong data-start=\"3126\" data-end=\"3165\">P\u00e1gina oficial de fans de GemPhoneFarm<\/strong><\/p>\n<\/div>","protected":false},"excerpt":{"rendered":"<p>En GemPhoneFarm, nos comprometemos a brindar un servicio de alta calidad y garantizar la satisfacci\u00f3n del cliente. Sin embargo, entendemos que puede haber situaciones en las que necesite solicitar un reembolso. Esta pol\u00edtica se implementa para garantizar la transparencia.<\/p>","protected":false},"author":1,"featured_media":0,"parent":0,"menu_order":0,"comment_status":"closed","ping_status":"closed","template":"","meta":{"_kad_post_transparent":"default","_kad_post_title":"default","_kad_post_layout":"default","_kad_post_sidebar_id":"","_kad_post_content_style":"default","_kad_post_vertical_padding":"default","_kad_post_feature":"","_kad_post_feature_position":"","_kad_post_header":false,"_kad_post_footer":false,"footnotes":""},"class_list":["post-1679","page","type-page","status-publish","hentry"],"_links":{"self":[{"href":"https:\/\/gemphonefarm.vn\/es\/wp-json\/wp\/v2\/pages\/1679","targetHints":{"allow":["GET"]}}],"collection":[{"href":"https:\/\/gemphonefarm.vn\/es\/wp-json\/wp\/v2\/pages"}],"about":[{"href":"https:\/\/gemphonefarm.vn\/es\/wp-json\/wp\/v2\/types\/page"}],"author":[{"embeddable":true,"href":"https:\/\/gemphonefarm.vn\/es\/wp-json\/wp\/v2\/users\/1"}],"replies":[{"embeddable":true,"href":"https:\/\/gemphonefarm.vn\/es\/wp-json\/wp\/v2\/comments?post=1679"}],"version-history":[{"count":2,"href":"https:\/\/gemphonefarm.vn\/es\/wp-json\/wp\/v2\/pages\/1679\/revisions"}],"predecessor-version":[{"id":1681,"href":"https:\/\/gemphonefarm.vn\/es\/wp-json\/wp\/v2\/pages\/1679\/revisions\/1681"}],"wp:attachment":[{"href":"https:\/\/gemphonefarm.vn\/es\/wp-json\/wp\/v2\/media?parent=1679"}],"curies":[{"name":"wp","href":"https:\/\/api.w.org\/{rel}","templated":true}]}}