{"id":427,"date":"2024-06-19T10:28:39","date_gmt":"2024-06-19T03:28:39","guid":{"rendered":"https:\/\/bds.nguyenthaimmo.com\/?page_id=427"},"modified":"2025-12-10T15:08:53","modified_gmt":"2025-12-10T08:08:53","slug":"tai-xuong","status":"publish","type":"page","link":"https:\/\/gemphonefarm.vn\/es\/oreja-hacia-abajo\/","title":{"rendered":"Descargar"},"content":{"rendered":"<div class=\"fancybox\">\t\t<div data-elementor-type=\"wp-page\" data-elementor-id=\"427\" class=\"elementor elementor-427\" data-elementor-post-type=\"page\">\n\t\t\t\t\t\t<section class=\"elementor-section elementor-top-section elementor-element elementor-element-6fe16f3 elementor-section-boxed elementor-section-height-default elementor-section-height-default\" data-id=\"6fe16f3\" data-element_type=\"section\">\n\t\t\t\t\t\t<div class=\"elementor-container elementor-column-gap-default\">\n\t\t\t\t\t<div class=\"elementor-column elementor-col-100 elementor-top-column elementor-element elementor-element-86bc4b1\" data-id=\"86bc4b1\" data-element_type=\"column\">\n\t\t\t<div class=\"elementor-widget-wrap elementor-element-populated\">\n\t\t\t\t\t\t<div class=\"elementor-element elementor-element-5f83f16 elementor-widget elementor-widget-text-editor\" data-id=\"5f83f16\" data-element_type=\"widget\" data-widget_type=\"text-editor.default\">\n\t\t\t\t<div class=\"elementor-widget-container\">\n\t\t\t\t\t\t\t<p><strong>Descargar<\/strong><\/p>\t\t\t\t\t\t<\/div>\n\t\t\t\t<\/div>\n\t\t\t\t<div class=\"elementor-element elementor-element-6dea476 elementor-widget elementor-widget-text-editor\" data-id=\"6dea476\" data-element_type=\"widget\" data-widget_type=\"text-editor.default\">\n\t\t\t\t<div class=\"elementor-widget-container\">\n\t\t\t\t\t\t\t<p class=\"text-center text-xl mb-10 md:mb-14 text-secondary-90 max-w-screen-sm mx-auto\">GemPhoneFarm funciona en Windows 10 de 64 bits y superiores, as\u00ed como en macOS (desde Big Sur).<\/p>\t\t\t\t\t\t<\/div>\n\t\t\t\t<\/div>\n\t\t\t\t\t<\/div>\n\t\t<\/div>\n\t\t\t\t\t<\/div>\n\t\t<\/section>\n\t\t\t\t<section class=\"elementor-section elementor-top-section elementor-element elementor-element-abe99e9 elementor-section-boxed elementor-section-height-default elementor-section-height-default\" data-id=\"abe99e9\" data-element_type=\"section\">\n\t\t\t\t\t\t<div class=\"elementor-container elementor-column-gap-default\">\n\t\t\t\t\t<div class=\"elementor-column elementor-col-100 elementor-top-column elementor-element elementor-element-5d3664f\" data-id=\"5d3664f\" data-element_type=\"column\">\n\t\t\t<div class=\"elementor-widget-wrap elementor-element-populated\">\n\t\t\t\t\t\t<div class=\"elementor-element elementor-element-5dd08b5 elementor-widget-tablet__width-initial elementor-widget elementor-widget-ucaddon_blox_btn_group\" data-id=\"5dd08b5\" data-element_type=\"widget\" data-widget_type=\"ucaddon_blox_btn_group.default\">\n\t\t\t\t<div class=\"elementor-widget-container\">\n\t\t\t\n<!-- start Button Group -->\n\t\t<link id='font-awesome-css' href='https:\/\/gemphonefarm.vn\/wp-content\/plugins\/unlimited-elements-for-elementor-premium\/assets_libraries\/font-awesome6\/fontawesome-all.min.css' type='text\/css' rel='stylesheet' >\n\t\t<link id='font-awesome-4-shim-css' href='https:\/\/gemphonefarm.vn\/wp-content\/plugins\/unlimited-elements-for-elementor-premium\/assets_libraries\/font-awesome6\/fontawesome-v4-shims.min.css' type='text\/css' rel='stylesheet' >\n\n<style>\/* widget: Button Group *\/\n\n#uc_blox_btn_group_elementor_5dd08b5\n{\n  display:flex;\n  flex-wrap: wrap;\n}\n\n#uc_blox_btn_group_elementor_5dd08b5 a\n{\n  display:block;\n  text-decoration:none;\n  transition:0.3s;\n\n}\n\n#uc_blox_btn_group_elementor_5dd08b5 .blox_btn_group_inner\n{\n  display:inline-flex;\n  align-items:center;\n}\n\n#uc_blox_btn_group_elementor_5dd08b5 .blox_btn_group_inner .ue-btn-icon\n{\n  line-height:1em;\n}\n\n#uc_blox_btn_group_elementor_5dd08b5 .blox_btn_group_inner .ue-btn-icon svg\n{\n  height:1em;\n  width:1em;\n}\n\n<\/style>\n\n<div id=\"uc_blox_btn_group_elementor_5dd08b5\" class=\"blox_btn_group uc-items-wrapper\" >\n  <a class=\"elementor-repeater-item-ad69c99\" href=\"https:\/\/hcm.s3storage.vn\/gemphonefarm\/download\/GemPhoneFarm%20Setup.exe\" id=\"uc_blox_btn_group_elementor_5dd08b5_item1\" target=\"_blank\" rel=\"noopener\">\n  <div class=\"blox_btn_group_inner\">\n        <div class=\"ue-btn-icon\"><i class='fab fa-windows'><\/i><\/div>\n        <div class=\"ue-btn-txt\"> Windows 10\/11<\/div>\n  <\/div>\n<\/a>\n<a class=\"elementor-repeater-item-d0f2e52\" href=\"https:\/\/hcm.s3storage.vn\/gemphonefarm\/download_mac\/GemPhoneFarm%20Setup.dmg\" id=\"uc_blox_btn_group_elementor_5dd08b5_item2\" target=\"_blank\" rel=\"noopener\">\n  <div class=\"blox_btn_group_inner\">\n        <div class=\"ue-btn-icon\"><i class='fab fa-apple'><\/i><\/div>\n        <div class=\"ue-btn-txt\">MacOS (Apple Silicon)<\/div>\n  <\/div>\n<\/a>\n\n  \n\n\n<\/div>\n<!-- end Button Group -->\t\t<\/div>\n\t\t\t\t<\/div>\n\t\t\t\t\t<\/div>\n\t\t<\/div>\n\t\t\t\t\t<\/div>\n\t\t<\/section>\n\t\t\t\t<section class=\"elementor-section elementor-top-section elementor-element elementor-element-1c5cf4f elementor-section-boxed elementor-section-height-default elementor-section-height-default\" data-id=\"1c5cf4f\" data-element_type=\"section\">\n\t\t\t\t\t\t<div class=\"elementor-container elementor-column-gap-default\">\n\t\t\t\t\t<div class=\"elementor-column elementor-col-100 elementor-top-column elementor-element elementor-element-9853819\" data-id=\"9853819\" data-element_type=\"column\">\n\t\t\t<div class=\"elementor-widget-wrap elementor-element-populated\">\n\t\t\t\t\t\t<div class=\"elementor-element elementor-element-dde8730 elementor-widget elementor-widget-image\" data-id=\"dde8730\" data-element_type=\"widget\" data-widget_type=\"image.default\">\n\t\t\t\t<div class=\"elementor-widget-container\">\n\t\t\t\t\t\t\t\t\t\t\t\t\t<img fetchpriority=\"high\" decoding=\"async\" width=\"768\" height=\"334\" src=\"https:\/\/gemphonefarm.vn\/wp-content\/uploads\/2024\/12\/GemAutomate-Download-768x334.png\" class=\"attachment-medium_large size-medium_large wp-image-1514\" alt=\"Descargar\" srcset=\"https:\/\/gemphonefarm.vn\/wp-content\/uploads\/2024\/12\/GemAutomate-Download-768x334.png 768w, https:\/\/gemphonefarm.vn\/wp-content\/uploads\/2024\/12\/GemAutomate-Download-300x131.png 300w, https:\/\/gemphonefarm.vn\/wp-content\/uploads\/2024\/12\/GemAutomate-Download-1024x446.png 1024w, https:\/\/gemphonefarm.vn\/wp-content\/uploads\/2024\/12\/GemAutomate-Download-1536x668.png 1536w, https:\/\/gemphonefarm.vn\/wp-content\/uploads\/2024\/12\/GemAutomate-Download.png 1914w\" sizes=\"(max-width: 768px) 100vw, 768px\" title=\"\">\t\t\t\t\t\t\t\t\t\t\t\t\t<\/div>\n\t\t\t\t<\/div>\n\t\t\t\t<div class=\"elementor-element elementor-element-e3c83ff elementor-widget elementor-widget-heading\" data-id=\"e3c83ff\" data-element_type=\"widget\" data-widget_type=\"heading.default\">\n\t\t\t\t<div class=\"elementor-widget-container\">\n\t\t\t<h2 class=\"elementor-heading-title elementor-size-default\">Preguntas frecuentes<\/h2>\t\t<\/div>\n\t\t\t\t<\/div>\n\t\t\t\t<div class=\"elementor-element elementor-element-8b4dff6 elementor-widget elementor-widget-toggle\" data-id=\"8b4dff6\" data-element_type=\"widget\" data-widget_type=\"toggle.default\">\n\t\t\t\t<div class=\"elementor-widget-container\">\n\t\t\t\t\t<div class=\"elementor-toggle\">\n\t\t\t\t\t\t\t<div class=\"elementor-toggle-item\">\n\t\t\t\t\t<div id=\"elementor-tab-title-1461\" class=\"elementor-tab-title\" data-tab=\"1\" role=\"button\" aria-controls=\"elementor-tab-content-1461\" aria-expanded=\"false\">\n\t\t\t\t\t\t\t\t\t\t\t\t<span class=\"elementor-toggle-icon elementor-toggle-icon-left\" aria-hidden=\"true\">\n\t\t\t\t\t\t\t\t\t\t\t\t\t\t\t<span class=\"elementor-toggle-icon-closed\"><svg class=\"e-font-icon-svg e-fas-caret-right\" viewbox=\"0 0 192 512\" xmlns=\"http:\/\/www.w3.org\/2000\/svg\"><path d=\"M0 384.662V127.338c0-17.818 21.543-26.741 34.142-14.142l128.662 128.662c7.81 7.81 7.81 20.474 0 28.284L34.142 398.804C21.543 411.404 0 402.48 0 384.662z\"><\/path><\/svg><\/span>\n\t\t\t\t\t\t\t\t<span class=\"elementor-toggle-icon-opened\"><svg class=\"elementor-toggle-icon-opened e-font-icon-svg e-fas-caret-up\" viewbox=\"0 0 320 512\" xmlns=\"http:\/\/www.w3.org\/2000\/svg\"><path d=\"M288.662 352H31.338c-17.818 0-26.741-21.543-14.142-34.142l128.662-128.662c7.81-7.81 20.474-7.81 28.284 0l128.662 128.662c12.6 12.599 3.676 34.142-14.142 34.142z\"><\/path><\/svg><\/span>\n\t\t\t\t\t\t\t\t\t\t\t\t\t<\/span>\n\t\t\t\t\t\t\t\t\t\t\t\t<a class=\"elementor-toggle-title\" tabindex=\"0\">Si el programa de instalaci\u00f3n no se inicia<\/a>\n\t\t\t\t\t<\/div>\n\n\t\t\t\t\t<div id=\"elementor-tab-content-1461\" class=\"elementor-tab-content elementor-clearfix\" data-tab=\"1\" role=\"region\" aria-labelledby=\"elementor-tab-title-1461\"><div class=\"py-8\"><div class=\"flex items-start gap-2 md:gap-4\"><div class=\"flex flex-col gap-5\"><p class=\"text-base text-secondary-90\">En la carpeta de instalaci\u00f3n de GemAutomate, haga clic derecho en el archivo &quot;GemPhoneFarm.exe&quot;. Seleccione &quot;Propiedades&quot;. En las propiedades del archivo, vaya a la pesta\u00f1a &quot;General&quot;, marque la opci\u00f3n &quot;Desbloquear&quot; y haga clic en &quot;Aceptar&quot;. Reinicie el programa.<br \/><img decoding=\"async\" class=\"aligncenter wp-image-1754\" src=\"https:\/\/gemautomate.com\/wp-content\/uploads\/2024\/12\/faq-0.D1ZPNY8H_yp58a-1024x498.webp\" alt=\"\" width=\"600\" height=\"292\" title=\"\"><\/p><\/div><\/div><\/div><div class=\"py-8\"><div class=\"flex items-start gap-2 md:gap-4\"><div class=\"flex flex-col gap-5\">\u00a0<\/div><\/div><\/div><\/div>\n\t\t\t\t<\/div>\n\t\t\t\t\t\t\t<div class=\"elementor-toggle-item\">\n\t\t\t\t\t<div id=\"elementor-tab-title-1462\" class=\"elementor-tab-title\" data-tab=\"2\" role=\"button\" aria-controls=\"elementor-tab-content-1462\" aria-expanded=\"false\">\n\t\t\t\t\t\t\t\t\t\t\t\t<span class=\"elementor-toggle-icon elementor-toggle-icon-left\" aria-hidden=\"true\">\n\t\t\t\t\t\t\t\t\t\t\t\t\t\t\t<span class=\"elementor-toggle-icon-closed\"><svg class=\"e-font-icon-svg e-fas-caret-right\" viewbox=\"0 0 192 512\" xmlns=\"http:\/\/www.w3.org\/2000\/svg\"><path d=\"M0 384.662V127.338c0-17.818 21.543-26.741 34.142-14.142l128.662 128.662c7.81 7.81 7.81 20.474 0 28.284L34.142 398.804C21.543 411.404 0 402.48 0 384.662z\"><\/path><\/svg><\/span>\n\t\t\t\t\t\t\t\t<span class=\"elementor-toggle-icon-opened\"><svg class=\"elementor-toggle-icon-opened e-font-icon-svg e-fas-caret-up\" viewbox=\"0 0 320 512\" xmlns=\"http:\/\/www.w3.org\/2000\/svg\"><path d=\"M288.662 352H31.338c-17.818 0-26.741-21.543-14.142-34.142l128.662-128.662c7.81-7.81 20.474-7.81 28.284 0l128.662 128.662c12.6 12.599 3.676 34.142-14.142 34.142z\"><\/path><\/svg><\/span>\n\t\t\t\t\t\t\t\t\t\t\t\t\t<\/span>\n\t\t\t\t\t\t\t\t\t\t\t\t<a class=\"elementor-toggle-title\" tabindex=\"0\">\u00bfQu\u00e9 dispositivo telef\u00f3nico es adecuado para m\u00ed?<\/a>\n\t\t\t\t\t<\/div>\n\n\t\t\t\t\t<div id=\"elementor-tab-content-1462\" class=\"elementor-tab-content elementor-clearfix\" data-tab=\"2\" role=\"region\" aria-labelledby=\"elementor-tab-title-1462\"><p>El software est\u00e1 dise\u00f1ado para usarse con casi cualquier tipo de tel\u00e9fono, lo que emula la necesidad de automatizar el proceso. Para optimizar el funcionamiento del software, puede usar un tel\u00e9fono con la ROM LingerOS instalada y rooteada.<\/p><\/div>\n\t\t\t\t<\/div>\n\t\t\t\t\t\t\t<div class=\"elementor-toggle-item\">\n\t\t\t\t\t<div id=\"elementor-tab-title-1463\" class=\"elementor-tab-title\" data-tab=\"3\" role=\"button\" aria-controls=\"elementor-tab-content-1463\" aria-expanded=\"false\">\n\t\t\t\t\t\t\t\t\t\t\t\t<span class=\"elementor-toggle-icon elementor-toggle-icon-left\" aria-hidden=\"true\">\n\t\t\t\t\t\t\t\t\t\t\t\t\t\t\t<span class=\"elementor-toggle-icon-closed\"><svg class=\"e-font-icon-svg e-fas-caret-right\" viewbox=\"0 0 192 512\" xmlns=\"http:\/\/www.w3.org\/2000\/svg\"><path d=\"M0 384.662V127.338c0-17.818 21.543-26.741 34.142-14.142l128.662 128.662c7.81 7.81 7.81 20.474 0 28.284L34.142 398.804C21.543 411.404 0 402.48 0 384.662z\"><\/path><\/svg><\/span>\n\t\t\t\t\t\t\t\t<span class=\"elementor-toggle-icon-opened\"><svg class=\"elementor-toggle-icon-opened e-font-icon-svg e-fas-caret-up\" viewbox=\"0 0 320 512\" xmlns=\"http:\/\/www.w3.org\/2000\/svg\"><path d=\"M288.662 352H31.338c-17.818 0-26.741-21.543-14.142-34.142l128.662-128.662c7.81-7.81 20.474-7.81 28.284 0l128.662 128.662c12.6 12.599 3.676 34.142-14.142 34.142z\"><\/path><\/svg><\/span>\n\t\t\t\t\t\t\t\t\t\t\t\t\t<\/span>\n\t\t\t\t\t\t\t\t\t\t\t\t<a class=\"elementor-toggle-title\" tabindex=\"0\">\u00bfC\u00f3mo actualizo mi programa?<\/a>\n\t\t\t\t\t<\/div>\n\n\t\t\t\t\t<div id=\"elementor-tab-content-1463\" class=\"elementor-tab-content elementor-clearfix\" data-tab=\"3\" role=\"region\" aria-labelledby=\"elementor-tab-title-1463\"><p>En la interfaz de tu software, siempre habr\u00e1 una notificaci\u00f3n cuando haya una nueva versi\u00f3n de actualizaci\u00f3n. Solo tienes que hacer clic en &quot;Actualizar software&quot; para poder usar la \u00faltima versi\u00f3n de GemPhoneFarm.<\/p><\/div>\n\t\t\t\t<\/div>\n\t\t\t\t\t\t\t\t<\/div>\n\t\t\t\t<\/div>\n\t\t\t\t<\/div>\n\t\t\t\t\t<\/div>\n\t\t<\/div>\n\t\t\t\t\t<\/div>\n\t\t<\/section>\n\t\t\t\t<section class=\"elementor-section elementor-top-section elementor-element elementor-element-bee601c elementor-section-boxed elementor-section-height-default elementor-section-height-default\" data-id=\"bee601c\" data-element_type=\"section\">\n\t\t\t\t\t\t<div class=\"elementor-container elementor-column-gap-default\">\n\t\t\t\t\t<div class=\"elementor-column elementor-col-100 elementor-top-column elementor-element elementor-element-4da2ca2\" data-id=\"4da2ca2\" data-element_type=\"column\">\n\t\t\t<div class=\"elementor-widget-wrap elementor-element-populated\">\n\t\t\t\t\t\t<div class=\"elementor-element elementor-element-6f7be53 elementor-widget elementor-widget-spacer\" data-id=\"6f7be53\" data-element_type=\"widget\" data-widget_type=\"spacer.default\">\n\t\t\t\t<div class=\"elementor-widget-container\">\n\t\t\t\t\t<div class=\"elementor-spacer\">\n\t\t\t<div class=\"elementor-spacer-inner\"><\/div>\n\t\t<\/div>\n\t\t\t\t<\/div>\n\t\t\t\t<\/div>\n\t\t\t\t\t<\/div>\n\t\t<\/div>\n\t\t\t\t\t<\/div>\n\t\t<\/section>\n\t\t\t\t<\/div>\n\t\t<\/div>","protected":false},"excerpt":{"rendered":"<p>Descarga GemPhoneFarm para ejecutarlo en Windows 10 de 64 bits o posterior, as\u00ed como en macOS (desde Big Sur). Preguntas frecuentes sobre Windows 10\/11 macOS (Apple Silicon). Si el instalador no se inicia. En la carpeta de instalaci\u00f3n de GemAutomate, haz clic con el bot\u00f3n derecho en el archivo &quot;GemPhoneFarm.exe&quot;. Selecciona &quot;Propiedades&quot;. En las propiedades del archivo, ve a la pesta\u00f1a...<\/p>","protected":false},"author":1,"featured_media":0,"parent":0,"menu_order":0,"comment_status":"closed","ping_status":"closed","template":"","meta":{"_kad_post_transparent":"default","_kad_post_title":"default","_kad_post_layout":"default","_kad_post_sidebar_id":"","_kad_post_content_style":"default","_kad_post_vertical_padding":"default","_kad_post_feature":"","_kad_post_feature_position":"","_kad_post_header":false,"_kad_post_footer":false,"footnotes":""},"class_list":["post-427","page","type-page","status-publish","hentry"],"_links":{"self":[{"href":"https:\/\/gemphonefarm.vn\/es\/wp-json\/wp\/v2\/pages\/427","targetHints":{"allow":["GET"]}}],"collection":[{"href":"https:\/\/gemphonefarm.vn\/es\/wp-json\/wp\/v2\/pages"}],"about":[{"href":"https:\/\/gemphonefarm.vn\/es\/wp-json\/wp\/v2\/types\/page"}],"author":[{"embeddable":true,"href":"https:\/\/gemphonefarm.vn\/es\/wp-json\/wp\/v2\/users\/1"}],"replies":[{"embeddable":true,"href":"https:\/\/gemphonefarm.vn\/es\/wp-json\/wp\/v2\/comments?post=427"}],"version-history":[{"count":100,"href":"https:\/\/gemphonefarm.vn\/es\/wp-json\/wp\/v2\/pages\/427\/revisions"}],"predecessor-version":[{"id":2105,"href":"https:\/\/gemphonefarm.vn\/es\/wp-json\/wp\/v2\/pages\/427\/revisions\/2105"}],"wp:attachment":[{"href":"https:\/\/gemphonefarm.vn\/es\/wp-json\/wp\/v2\/media?parent=427"}],"curies":[{"name":"wp","href":"https:\/\/api.w.org\/{rel}","templated":true}]}}