{"id":1676,"date":"2025-03-21T01:01:07","date_gmt":"2025-03-20T18:01:07","guid":{"rendered":"https:\/\/gemphonefarm.vn\/?page_id=1676"},"modified":"2025-03-21T01:01:07","modified_gmt":"2025-03-20T18:01:07","slug":"chinh-sach-bao-mat","status":"publish","type":"page","link":"https:\/\/gemphonefarm.vn\/ru\/\u043f\u043e\u043b\u0438\u0442\u0438\u043a\u0430-\u043a\u043e\u043d\u0444\u0438\u0434\u0435\u043d\u0446\u0438\u0430\u043b\u044c\u043d\u043e\u0441\u0442\u0438\/","title":{"rendered":"\u043f\u043e\u043b\u0438\u0442\u0438\u043a\u0430 \u043a\u043e\u043d\u0444\u0438\u0434\u0435\u043d\u0446\u0438\u0430\u043b\u044c\u043d\u043e\u0441\u0442\u0438"},"content":{"rendered":"<div class=\"fancybox\"><p data-start=\"105\" data-end=\"391\">\u0414\u043e\u0431\u0440\u043e \u043f\u043e\u0436\u0430\u043b\u043e\u0432\u0430\u0442\u044c \u0432 <strong data-start=\"127\" data-end=\"143\">GemPhoneFarm<\/strong>. \u041c\u044b \u0443\u0432\u0430\u0436\u0430\u0435\u043c \u0432\u0430\u0448\u0443 \u043a\u043e\u043d\u0444\u0438\u0434\u0435\u043d\u0446\u0438\u0430\u043b\u044c\u043d\u043e\u0441\u0442\u044c \u0438 \u0441\u0442\u0440\u0435\u043c\u0438\u043c\u0441\u044f \u0437\u0430\u0449\u0438\u0449\u0430\u0442\u044c \u043b\u0438\u0447\u043d\u0443\u044e \u0438\u043d\u0444\u043e\u0440\u043c\u0430\u0446\u0438\u044e \u043d\u0430\u0448\u0438\u0445 \u043a\u043b\u0438\u0435\u043d\u0442\u043e\u0432. \u042d\u0442\u0430 \u043f\u043e\u043b\u0438\u0442\u0438\u043a\u0430 \u043a\u043e\u043d\u0444\u0438\u0434\u0435\u043d\u0446\u0438\u0430\u043b\u044c\u043d\u043e\u0441\u0442\u0438 \u043e\u0431\u044a\u044f\u0441\u043d\u044f\u0435\u0442, \u043a\u0430\u043a \u043c\u044b \u0441\u043e\u0431\u0438\u0440\u0430\u0435\u043c, \u0438\u0441\u043f\u043e\u043b\u044c\u0437\u0443\u0435\u043c \u0438 \u0437\u0430\u0449\u0438\u0449\u0430\u0435\u043c \u0432\u0430\u0448\u0438 \u043f\u0435\u0440\u0441\u043e\u043d\u0430\u043b\u044c\u043d\u044b\u0435 \u0434\u0430\u043d\u043d\u044b\u0435, \u043a\u043e\u0433\u0434\u0430 \u0432\u044b \u043f\u043e\u043b\u044c\u0437\u0443\u0435\u0442\u0435\u0441\u044c \u043d\u0430\u0448\u0438\u043c \u0432\u0435\u0431-\u0441\u0430\u0439\u0442\u043e\u043c \u0438 \u0443\u0441\u043b\u0443\u0433\u0430\u043c\u0438. <strong data-start=\"374\" data-end=\"390\">GemPhoneFarm<\/strong>.<\/p>\n<h3 data-start=\"393\" data-end=\"432\"><strong data-start=\"397\" data-end=\"432\">1. \u0418\u043d\u0444\u043e\u0440\u043c\u0430\u0446\u0438\u044f, \u043a\u043e\u0442\u043e\u0440\u0443\u044e \u043c\u044b \u0441\u043e\u0431\u0438\u0440\u0430\u0435\u043c<\/strong><\/h3>\n<p data-start=\"433\" data-end=\"513\">\u041c\u044b \u043c\u043e\u0436\u0435\u043c \u0441\u043e\u0431\u0438\u0440\u0430\u0442\u044c \u0440\u0430\u0437\u043b\u0438\u0447\u043d\u044b\u0435 \u0442\u0438\u043f\u044b \u0438\u043d\u0444\u043e\u0440\u043c\u0430\u0446\u0438\u0438 \u043e \u043f\u043e\u043b\u044c\u0437\u043e\u0432\u0430\u0442\u0435\u043b\u044f\u0445, \u0432\u043a\u043b\u044e\u0447\u0430\u044f:<\/p>\n<p data-start=\"515\" data-end=\"638\">\ud83d\udd39 <strong data-start=\"518\" data-end=\"539\">\u041f\u0435\u0440\u0441\u043e\u043d\u0430\u043b\u044c\u043d\u0430\u044f \u0438\u043d\u0444\u043e\u0440\u043c\u0430\u0446\u0438\u044f<\/strong><br data-start=\"539\" data-end=\"542\" \/>\u0418\u043c\u044f, \u0430\u0434\u0440\u0435\u0441 \u044d\u043b\u0435\u043a\u0442\u0440\u043e\u043d\u043d\u043e\u0439 \u043f\u043e\u0447\u0442\u044b, \u043d\u043e\u043c\u0435\u0440 \u0442\u0435\u043b\u0435\u0444\u043e\u043d\u0430 (\u0435\u0441\u043b\u0438 \u0435\u0441\u0442\u044c) \u043f\u0440\u0438 \u0440\u0435\u0433\u0438\u0441\u0442\u0440\u0430\u0446\u0438\u0438 \u0443\u0447\u0435\u0442\u043d\u043e\u0439 \u0437\u0430\u043f\u0438\u0441\u0438 \u0438\u043b\u0438 \u043f\u0440\u0438 \u043e\u0431\u0440\u0430\u0449\u0435\u043d\u0438\u0438 \u043a \u043d\u0430\u043c.<\/p>\n<p data-start=\"640\" data-end=\"752\">\ud83d\udd39 <strong data-start=\"643\" data-end=\"662\">\u0414\u0430\u043d\u043d\u044b\u0435 \u043e\u0431 \u0438\u0441\u043f\u043e\u043b\u044c\u0437\u043e\u0432\u0430\u043d\u0438\u0438<\/strong><br data-start=\"662\" data-end=\"665\" \/>IP-\u0430\u0434\u0440\u0435\u0441, \u0442\u0438\u043f \u0431\u0440\u0430\u0443\u0437\u0435\u0440\u0430, \u043e\u043f\u0435\u0440\u0430\u0446\u0438\u043e\u043d\u043d\u0430\u044f \u0441\u0438\u0441\u0442\u0435\u043c\u0430, \u043f\u043e\u0441\u0435\u0449\u0430\u0435\u043c\u044b\u0435 \u0441\u0442\u0440\u0430\u043d\u0438\u0446\u044b, \u0432\u0440\u0435\u043c\u044f \u0434\u043e\u0441\u0442\u0443\u043f\u0430.<\/p>\n<p data-start=\"754\" data-end=\"905\">\ud83d\udd39 <strong data-start=\"757\" data-end=\"790\">\u0424\u0430\u0439\u043b\u044b cookie \u0438 \u0442\u0435\u0445\u043d\u043e\u043b\u043e\u0433\u0438\u0438 \u043e\u0442\u0441\u043b\u0435\u0436\u0438\u0432\u0430\u043d\u0438\u044f<\/strong><br data-start=\"790\" data-end=\"793\" \/>\u041c\u044b \u0438\u0441\u043f\u043e\u043b\u044c\u0437\u0443\u0435\u043c \u0444\u0430\u0439\u043b\u044b cookie \u0434\u043b\u044f \u043f\u0435\u0440\u0441\u043e\u043d\u0430\u043b\u0438\u0437\u0430\u0446\u0438\u0438 \u0432\u0430\u0448\u0435\u0433\u043e \u043e\u043f\u044b\u0442\u0430 \u0438 \u0441\u0431\u043e\u0440\u0430 \u0434\u0430\u043d\u043d\u044b\u0445 \u043e \u0442\u043e\u043c, \u043a\u0430\u043a \u0438\u0441\u043f\u043e\u043b\u044c\u0437\u0443\u0435\u0442\u0441\u044f \u0441\u0430\u0439\u0442.<\/p>\n<h3 data-start=\"907\" data-end=\"958\"><strong data-start=\"911\" data-end=\"958\">2. \u041a\u0430\u043a \u043c\u044b \u0438\u0441\u043f\u043e\u043b\u044c\u0437\u0443\u0435\u043c \u0432\u0430\u0448\u0443 \u0438\u043d\u0444\u043e\u0440\u043c\u0430\u0446\u0438\u044e<\/strong><\/h3>\n<p data-start=\"959\" data-end=\"1024\">\u0421\u043e\u0431\u0440\u0430\u043d\u043d\u0430\u044f \u0438\u043d\u0444\u043e\u0440\u043c\u0430\u0446\u0438\u044f \u043c\u043e\u0436\u0435\u0442 \u0431\u044b\u0442\u044c \u0438\u0441\u043f\u043e\u043b\u044c\u0437\u043e\u0432\u0430\u043d\u0430 \u0432 \u0441\u043b\u0435\u0434\u0443\u044e\u0449\u0438\u0445 \u0446\u0435\u043b\u044f\u0445:<\/p>\n<p data-start=\"1026\" data-end=\"1318\">\u2705 <strong data-start=\"1028\" data-end=\"1048\">\u041f\u043e\u0441\u0442\u0430\u0432\u0449\u0438\u043a \u0443\u0441\u043b\u0443\u0433<\/strong>: \u0423\u043f\u0440\u0430\u0432\u043b\u0435\u043d\u0438\u0435 \u0441\u0447\u0435\u0442\u0430\u043c\u0438, \u043f\u043e\u0434\u0434\u0435\u0440\u0436\u043a\u0430 \u043a\u043b\u0438\u0435\u043d\u0442\u043e\u0432.<br data-start=\"1087\" data-end=\"1090\" \/>\u2705 <strong data-start=\"1092\" data-end=\"1105\">\u041e\u0431\u0449\u0430\u0442\u044c\u0441\u044f<\/strong>: \u041e\u0442\u043f\u0440\u0430\u0432\u043b\u044f\u0439\u0442\u0435 \u043e\u0431\u043d\u043e\u0432\u043b\u0435\u043d\u0438\u044f, \u0432\u0430\u0436\u043d\u044b\u0435 \u0443\u0432\u0435\u0434\u043e\u043c\u043b\u0435\u043d\u0438\u044f.<br data-start=\"1152\" data-end=\"1155\" \/>\u2705 <strong data-start=\"1157\" data-end=\"1193\">\u0423\u043b\u0443\u0447\u0448\u0438\u0442\u044c \u043f\u043e\u043b\u044c\u0437\u043e\u0432\u0430\u0442\u0435\u043b\u044c\u0441\u043a\u0438\u0439 \u043e\u043f\u044b\u0442<\/strong>: \u041f\u043e\u0432\u0435\u0434\u0435\u043d\u0447\u0435\u0441\u043a\u0438\u0439 \u0430\u043d\u0430\u043b\u0438\u0437 \u0434\u043b\u044f \u0443\u043b\u0443\u0447\u0448\u0435\u043d\u0438\u044f \u043a\u0430\u0447\u0435\u0441\u0442\u0432\u0430 \u043e\u0431\u0441\u043b\u0443\u0436\u0438\u0432\u0430\u043d\u0438\u044f.<br data-start=\"1244\" data-end=\"1247\" \/>\u2705 <strong data-start=\"1249\" data-end=\"1260\">\u0411\u0435\u0437\u043e\u043f\u0430\u0441\u043d\u043e\u0441\u0442\u044c<\/strong>: \u041f\u0440\u0435\u0434\u043e\u0442\u0432\u0440\u0430\u0449\u0435\u043d\u0438\u0435 \u043c\u043e\u0448\u0435\u043d\u043d\u0438\u0447\u0435\u0441\u043a\u043e\u0433\u043e \u043f\u043e\u0432\u0435\u0434\u0435\u043d\u0438\u044f, \u043f\u043e\u0432\u044b\u0448\u0435\u043d\u0438\u0435 \u0431\u0435\u0437\u043e\u043f\u0430\u0441\u043d\u043e\u0441\u0442\u0438 \u0441\u0438\u0441\u0442\u0435\u043c\u044b.<\/p>\n<h3 data-start=\"1320\" data-end=\"1356\"><strong data-start=\"1324\" data-end=\"1356\">3. \u0420\u0430\u0441\u043f\u0440\u043e\u0441\u0442\u0440\u0430\u043d\u0435\u043d\u0438\u0435 \u0432\u0430\u0448\u0435\u0439 \u0438\u043d\u0444\u043e\u0440\u043c\u0430\u0446\u0438\u0438<\/strong><\/h3>\n<p data-start=\"1357\" data-end=\"1474\"><strong data-start=\"1357\" data-end=\"1373\">GemPhoneFarm<\/strong> \u043d\u0435 \u043f\u0440\u043e\u0434\u0430\u0435\u0442, \u043d\u0435 \u043e\u0431\u043c\u0435\u043d\u0438\u0432\u0430\u0435\u0442 \u0438 \u043d\u0435 \u043f\u0435\u0440\u0435\u0434\u0430\u0435\u0442 \u0438\u043d\u044b\u043c \u043e\u0431\u0440\u0430\u0437\u043e\u043c \u0432\u0430\u0448\u0443 \u043b\u0438\u0447\u043d\u0443\u044e \u0438\u043d\u0444\u043e\u0440\u043c\u0430\u0446\u0438\u044e \u0442\u0440\u0435\u0442\u044c\u0438\u043c \u043b\u0438\u0446\u0430\u043c, \u0437\u0430 \u0438\u0441\u043a\u043b\u044e\u0447\u0435\u043d\u0438\u0435\u043c:<\/p>\n<p data-start=\"1476\" data-end=\"1644\">\ud83d\udd39 <strong data-start=\"1479\" data-end=\"1503\">\u041f\u043e\u0441\u0442\u0430\u0432\u0449\u0438\u043a \u0443\u0441\u043b\u0443\u0433<\/strong>: \u041f\u043e\u0434\u0434\u0435\u0440\u0436\u043a\u0430 \u0440\u0430\u0431\u043e\u0442\u044b \u0441\u0438\u0441\u0442\u0435\u043c\u044b (\u0432 \u0441\u043e\u043e\u0442\u0432\u0435\u0442\u0441\u0442\u0432\u0438\u0438 \u0441 \u043e\u0431\u044f\u0437\u0430\u0442\u0435\u043b\u044c\u0441\u0442\u0432\u0430\u043c\u0438 \u043f\u043e \u0431\u0435\u0437\u043e\u043f\u0430\u0441\u043d\u043e\u0441\u0442\u0438).<br data-start=\"1553\" data-end=\"1556\" \/>\ud83d\udd39 <strong data-start=\"1559\" data-end=\"1578\">\u042e\u0440\u0438\u0434\u0438\u0447\u0435\u0441\u043a\u0438\u0435 \u0442\u0440\u0435\u0431\u043e\u0432\u0430\u043d\u0438\u044f<\/strong>: \u041f\u043e \u0442\u0440\u0435\u0431\u043e\u0432\u0430\u043d\u0438\u044e \u043a\u043e\u043c\u043f\u0435\u0442\u0435\u043d\u0442\u043d\u044b\u0445 \u043e\u0440\u0433\u0430\u043d\u043e\u0432 \u0432 \u0441\u043e\u043e\u0442\u0432\u0435\u0442\u0441\u0442\u0432\u0438\u0438 \u0441 \u0437\u0430\u043a\u043e\u043d\u043e\u043c.<\/p>\n<h3 data-start=\"1646\" data-end=\"1672\"><strong data-start=\"1650\" data-end=\"1672\">4. \u0411\u0435\u0437\u043e\u043f\u0430\u0441\u043d\u043e\u0441\u0442\u044c \u0434\u0430\u043d\u043d\u044b\u0445<\/strong><\/h3>\n<p data-start=\"1673\" data-end=\"1752\">\u041c\u044b \u043f\u0440\u0438\u043d\u0438\u043c\u0430\u0435\u043c \u0440\u044f\u0434 \u043c\u0435\u0440 \u0431\u0435\u0437\u043e\u043f\u0430\u0441\u043d\u043e\u0441\u0442\u0438 \u0434\u043b\u044f \u0437\u0430\u0449\u0438\u0442\u044b \u0432\u0430\u0448\u0435\u0439 \u0438\u043d\u0444\u043e\u0440\u043c\u0430\u0446\u0438\u0438, \u0432 \u0442\u043e\u043c \u0447\u0438\u0441\u043b\u0435:<\/p>\n<p data-start=\"1754\" data-end=\"1865\">\ud83d\udd12 <strong data-start=\"1757\" data-end=\"1800\">\u0428\u0438\u0444\u0440\u0443\u0439\u0442\u0435 \u043a\u043e\u043d\u0444\u0438\u0434\u0435\u043d\u0446\u0438\u0430\u043b\u044c\u043d\u044b\u0435 \u0434\u0430\u043d\u043d\u044b\u0435 \u043f\u0440\u0438 \u043f\u0435\u0440\u0435\u0434\u0430\u0447\u0435.<\/strong><br data-start=\"1800\" data-end=\"1803\" \/>\ud83d\udd12 <strong data-start=\"1806\" data-end=\"1865\">\u041e\u0433\u0440\u0430\u043d\u0438\u0447\u044c\u0442\u0435 \u0434\u043e\u0441\u0442\u0443\u043f \u0442\u043e\u043b\u044c\u043a\u043e \u0434\u043b\u044f \u043d\u0435\u043e\u0431\u0445\u043e\u0434\u0438\u043c\u043e\u0433\u043e \u043f\u0435\u0440\u0441\u043e\u043d\u0430\u043b\u0430.<\/strong><\/p>\n<h3 data-start=\"1867\" data-end=\"1891\"><strong data-start=\"1871\" data-end=\"1891\">5. \u0412\u0430\u0448\u0438 \u043f\u0440\u0430\u0432\u0430<\/strong><\/h3>\n<p data-start=\"1892\" data-end=\"1905\">\u0412\u044b \u0438\u043c\u0435\u0435\u0442\u0435 \u043f\u0440\u0430\u0432\u043e:<\/p>\n<p data-start=\"1907\" data-end=\"2060\">\u2714 \u041f\u043e\u043b\u0443\u0447\u0430\u0442\u044c \u0434\u043e\u0441\u0442\u0443\u043f \u0438 \u0437\u0430\u043f\u0440\u0430\u0448\u0438\u0432\u0430\u0442\u044c \u043a\u043e\u043f\u0438\u044e \u0441\u0432\u043e\u0438\u0445 \u043f\u0435\u0440\u0441\u043e\u043d\u0430\u043b\u044c\u043d\u044b\u0445 \u0434\u0430\u043d\u043d\u044b\u0445.<br data-start=\"1962\" data-end=\"1965\" \/>\u2714 \u0417\u0430\u043f\u0440\u043e\u0441\u0438\u0442\u044c \u0438\u0441\u043f\u0440\u0430\u0432\u043b\u0435\u043d\u0438\u0435 \u0438\u043b\u0438 \u0443\u0434\u0430\u043b\u0435\u043d\u0438\u0435 \u043f\u0435\u0440\u0441\u043e\u043d\u0430\u043b\u044c\u043d\u044b\u0445 \u0434\u0430\u043d\u043d\u044b\u0445.<br data-start=\"2010\" data-end=\"2013\" \/>\u2714 \u041e\u0442\u043a\u0430\u0437\u0430\u0442\u044c\u0441\u044f \u043e\u0442 \u043f\u043e\u043b\u0443\u0447\u0435\u043d\u0438\u044f \u043c\u0430\u0440\u043a\u0435\u0442\u0438\u043d\u0433\u043e\u0432\u044b\u0445 \u0441\u043e\u043e\u0431\u0449\u0435\u043d\u0438\u0439 \u043e\u0442 \u043d\u0430\u0441.<\/p>\n<p data-start=\"2062\" data-end=\"2181\">\ud83d\udce9 \u0427\u0442\u043e\u0431\u044b \u0432\u043e\u0441\u043f\u043e\u043b\u044c\u0437\u043e\u0432\u0430\u0442\u044c\u0441\u044f \u044d\u0442\u0438\u043c\u0438 \u043f\u0440\u0430\u0432\u0430\u043c\u0438, \u0441\u0432\u044f\u0436\u0438\u0442\u0435\u0441\u044c \u0441 \u043d\u0430\u043c\u0438 \u0447\u0435\u0440\u0435\u0437 <strong data-start=\"2128\" data-end=\"2150\">\u041e\u0444\u0438\u0446\u0438\u0430\u043b\u044c\u043d\u0430\u044f \u0444\u0430\u043d-\u0441\u0442\u0440\u0430\u043d\u0438\u0446\u0430<\/strong>:<br data-start=\"2151\" data-end=\"2154\" \/>\ud83d\udc49 <strong data-start=\"2157\" data-end=\"2181\">\u0424\u0430\u043d-\u0441\u0442\u0440\u0430\u043d\u0438\u0446\u0430 GemPhoneFarm<\/strong><\/p>\n<h3 data-start=\"2183\" data-end=\"2201\"><strong data-start=\"2187\" data-end=\"2201\">6. \u0424\u0430\u0439\u043b\u044b cookie<\/strong><\/h3>\n<p data-start=\"2202\" data-end=\"2390\">\ud83d\udd39 \u041c\u044b \u0438\u0441\u043f\u043e\u043b\u044c\u0437\u0443\u0435\u043c \u0444\u0430\u0439\u043b\u044b cookie \u0434\u043b\u044f \u0443\u043b\u0443\u0447\u0448\u0435\u043d\u0438\u044f \u043f\u043e\u043b\u044c\u0437\u043e\u0432\u0430\u0442\u0435\u043b\u044c\u0441\u043a\u043e\u0433\u043e \u043e\u043f\u044b\u0442\u0430.<br data-start=\"2267\" data-end=\"2270\" \/>\ud83d\udd39 \u0412\u044b \u043c\u043e\u0436\u0435\u0442\u0435 \u043e\u0442\u043a\u043b\u044e\u0447\u0438\u0442\u044c \u0444\u0430\u0439\u043b\u044b cookie \u0432 \u043d\u0430\u0441\u0442\u0440\u043e\u0439\u043a\u0430\u0445 \u0431\u0440\u0430\u0443\u0437\u0435\u0440\u0430, \u043d\u043e \u044d\u0442\u043e \u043c\u043e\u0436\u0435\u0442 \u043f\u043e\u0432\u043b\u0438\u044f\u0442\u044c \u043d\u0430 \u043d\u0435\u043a\u043e\u0442\u043e\u0440\u044b\u0435 \u0444\u0443\u043d\u043a\u0446\u0438\u0438 \u0432\u0435\u0431-\u0441\u0430\u0439\u0442\u0430.<\/p>\n<h3 data-start=\"2392\" data-end=\"2422\"><strong data-start=\"2396\" data-end=\"2422\">7. \u0421\u0441\u044b\u043b\u043a\u0438 \u0442\u0440\u0435\u0442\u044c\u0438\u0445 \u043b\u0438\u0446<\/strong><\/h3>\n<p data-start=\"2423\" data-end=\"2649\">\u0412\u0435\u0431-\u0441\u0430\u0439\u0442 <strong data-start=\"2433\" data-end=\"2449\">GemPhoneFarm<\/strong> \u043c\u043e\u0436\u0435\u0442 \u0441\u043e\u0434\u0435\u0440\u0436\u0430\u0442\u044c \u0441\u0441\u044b\u043b\u043a\u0438 \u043d\u0430 \u0441\u0442\u043e\u0440\u043e\u043d\u043d\u0438\u0435 \u0432\u0435\u0431-\u0441\u0430\u0439\u0442\u044b. \u041c\u044b \u043d\u0435 \u043d\u0435\u0441\u0435\u043c \u043e\u0442\u0432\u0435\u0442\u0441\u0442\u0432\u0435\u043d\u043d\u043e\u0441\u0442\u0438 \u0437\u0430 \u043f\u043e\u043b\u0438\u0442\u0438\u043a\u0443 \u043a\u043e\u043d\u0444\u0438\u0434\u0435\u043d\u0446\u0438\u0430\u043b\u044c\u043d\u043e\u0441\u0442\u0438 \u044d\u0442\u0438\u0445 \u0432\u0435\u0431-\u0441\u0430\u0439\u0442\u043e\u0432. \u041f\u043e\u0436\u0430\u043b\u0443\u0439\u0441\u0442\u0430, \u0432\u043d\u0438\u043c\u0430\u0442\u0435\u043b\u044c\u043d\u043e \u043f\u0440\u043e\u0447\u0442\u0438\u0442\u0435 \u0438\u0445 \u043f\u043e\u043b\u0438\u0442\u0438\u043a\u0443, \u043f\u0440\u0435\u0436\u0434\u0435 \u0447\u0435\u043c \u043f\u0440\u0435\u0434\u043e\u0441\u0442\u0430\u0432\u043b\u044f\u0442\u044c \u043b\u0438\u0447\u043d\u0443\u044e \u0438\u043d\u0444\u043e\u0440\u043c\u0430\u0446\u0438\u044e.<\/p>\n<h3 data-start=\"2651\" data-end=\"2683\"><strong data-start=\"2655\" data-end=\"2683\">8. \u0421\u0432\u044f\u0436\u0438\u0442\u0435\u0441\u044c \u0441 \u043d\u0430\u043c\u0438<\/strong><\/h3>\n<p data-start=\"2684\" data-end=\"2803\">\u0415\u0441\u043b\u0438 \u0443 \u0432\u0430\u0441 \u0435\u0441\u0442\u044c \u043a\u0430\u043a\u0438\u0435-\u043b\u0438\u0431\u043e \u0432\u043e\u043f\u0440\u043e\u0441\u044b \u043e\u0442\u043d\u043e\u0441\u0438\u0442\u0435\u043b\u044c\u043d\u043e \u0434\u0430\u043d\u043d\u043e\u0439 \u043f\u043e\u043b\u0438\u0442\u0438\u043a\u0438 \u043a\u043e\u043d\u0444\u0438\u0434\u0435\u043d\u0446\u0438\u0430\u043b\u044c\u043d\u043e\u0441\u0442\u0438, \u043f\u043e\u0436\u0430\u043b\u0443\u0439\u0441\u0442\u0430, \u0441\u0432\u044f\u0436\u0438\u0442\u0435\u0441\u044c \u0441:<br data-start=\"2758\" data-end=\"2761\" \/>\ud83d\udccc <strong data-start=\"2764\" data-end=\"2803\">\u041e\u0444\u0438\u0446\u0438\u0430\u043b\u044c\u043d\u0430\u044f \u0444\u0430\u043d-\u0441\u0442\u0440\u0430\u043d\u0438\u0446\u0430 GemPhoneFarm<\/strong><\/p>\n<\/div>","protected":false},"excerpt":{"rendered":"<p>Ch\u00e0o m\u1eebng b\u1ea1n \u0111\u1ebfn v\u1edbi GemPhoneFarm. Ch\u00fang t\u00f4i t\u00f4n tr\u1ecdng quy\u1ec1n ri\u00eang t\u01b0 c\u1ee7a b\u1ea1n v\u00e0 cam k\u1ebft b\u1ea3o v\u1ec7 th\u00f4ng tin c\u00e1 nh\u00e2n kh\u00e1ch h\u00e0ng. Ch\u00ednh s\u00e1ch b\u1ea3o m\u1eadt n\u00e0y gi\u1ea3i th\u00edch c\u00e1ch ch\u00fang t\u00f4i thu th\u1eadp, s\u1eed d\u1ee5ng v\u00e0 b\u1ea3o v\u1ec7 d\u1eef li\u1ec7u c\u00e1 nh\u00e2n c\u1ee7a b\u1ea1n khi s\u1eed d\u1ee5ng trang web v\u00e0&#8230;<\/p>","protected":false},"author":1,"featured_media":0,"parent":0,"menu_order":0,"comment_status":"closed","ping_status":"closed","template":"","meta":{"_kad_post_transparent":"default","_kad_post_title":"default","_kad_post_layout":"default","_kad_post_sidebar_id":"","_kad_post_content_style":"default","_kad_post_vertical_padding":"default","_kad_post_feature":"","_kad_post_feature_position":"","_kad_post_header":false,"_kad_post_footer":false,"footnotes":""},"class_list":["post-1676","page","type-page","status-publish","hentry"],"_links":{"self":[{"href":"https:\/\/gemphonefarm.vn\/ru\/wp-json\/wp\/v2\/pages\/1676","targetHints":{"allow":["GET"]}}],"collection":[{"href":"https:\/\/gemphonefarm.vn\/ru\/wp-json\/wp\/v2\/pages"}],"about":[{"href":"https:\/\/gemphonefarm.vn\/ru\/wp-json\/wp\/v2\/types\/page"}],"author":[{"embeddable":true,"href":"https:\/\/gemphonefarm.vn\/ru\/wp-json\/wp\/v2\/users\/1"}],"replies":[{"embeddable":true,"href":"https:\/\/gemphonefarm.vn\/ru\/wp-json\/wp\/v2\/comments?post=1676"}],"version-history":[{"count":2,"href":"https:\/\/gemphonefarm.vn\/ru\/wp-json\/wp\/v2\/pages\/1676\/revisions"}],"predecessor-version":[{"id":1678,"href":"https:\/\/gemphonefarm.vn\/ru\/wp-json\/wp\/v2\/pages\/1676\/revisions\/1678"}],"wp:attachment":[{"href":"https:\/\/gemphonefarm.vn\/ru\/wp-json\/wp\/v2\/media?parent=1676"}],"curies":[{"name":"wp","href":"https:\/\/api.w.org\/{rel}","templated":true}]}}