{"id":1679,"date":"2025-03-21T01:01:53","date_gmt":"2025-03-20T18:01:53","guid":{"rendered":"https:\/\/gemphonefarm.vn\/?page_id=1679"},"modified":"2025-03-21T01:01:53","modified_gmt":"2025-03-20T18:01:53","slug":"chinh-sach-hoan-tien","status":"publish","type":"page","link":"https:\/\/gemphonefarm.vn\/ru\/\u043f\u043e\u043b\u0438\u0442\u0438\u043a\u0430-\u0432\u043e\u0437\u0432\u0440\u0430\u0442\u0430-\u0434\u0435\u043d\u0435\u0433\/","title":{"rendered":"\u041f\u043e\u043b\u0438\u0442\u0438\u043a\u0430 \u0432\u043e\u0437\u0432\u0440\u0430\u0442\u0430 \u0441\u0440\u0435\u0434\u0441\u0442\u0432"},"content":{"rendered":"<div class=\"fancybox\"><p data-start=\"83\" data-end=\"393\">\u0412 <strong data-start=\"87\" data-end=\"103\">GemPhoneFarm<\/strong>, \u043c\u044b \u0441\u0442\u0440\u0435\u043c\u0438\u043c\u0441\u044f \u043f\u0440\u0435\u0434\u043e\u0441\u0442\u0430\u0432\u043b\u044f\u0442\u044c \u0432\u044b\u0441\u043e\u043a\u043e\u043a\u0430\u0447\u0435\u0441\u0442\u0432\u0435\u043d\u043d\u044b\u0435 \u0443\u0441\u043b\u0443\u0433\u0438 \u0438 \u043e\u0431\u0435\u0441\u043f\u0435\u0447\u0438\u0432\u0430\u0442\u044c \u0443\u0434\u043e\u0432\u043b\u0435\u0442\u0432\u043e\u0440\u0435\u043d\u043d\u043e\u0441\u0442\u044c \u043a\u043b\u0438\u0435\u043d\u0442\u043e\u0432. \u041e\u0434\u043d\u0430\u043a\u043e \u043c\u044b \u043f\u043e\u043d\u0438\u043c\u0430\u0435\u043c, \u0447\u0442\u043e \u043c\u043e\u0433\u0443\u0442 \u0432\u043e\u0437\u043d\u0438\u043a\u043d\u0443\u0442\u044c \u0441\u0438\u0442\u0443\u0430\u0446\u0438\u0438, \u043a\u043e\u0433\u0434\u0430 \u0432\u0430\u043c \u043d\u0435\u043e\u0431\u0445\u043e\u0434\u0438\u043c\u043e \u0437\u0430\u043f\u0440\u043e\u0441\u0438\u0442\u044c \u0432\u043e\u0437\u0432\u0440\u0430\u0442 \u0441\u0440\u0435\u0434\u0441\u0442\u0432. \u042d\u0442\u0430 \u043f\u043e\u043b\u0438\u0442\u0438\u043a\u0430 \u0432\u0432\u0435\u0434\u0435\u043d\u0430 \u0434\u043b\u044f \u043e\u0431\u0435\u0441\u043f\u0435\u0447\u0435\u043d\u0438\u044f \u043f\u0440\u043e\u0437\u0440\u0430\u0447\u043d\u043e\u0441\u0442\u0438 \u0438 \u0441\u043f\u0440\u0430\u0432\u0435\u0434\u043b\u0438\u0432\u043e\u0441\u0442\u0438 \u043f\u0440\u0438 \u043e\u0431\u0440\u0430\u0431\u043e\u0442\u043a\u0435 \u0437\u0430\u043f\u0440\u043e\u0441\u043e\u0432.<\/p>\n<h3 data-start=\"395\" data-end=\"425\"><strong data-start=\"399\" data-end=\"425\">1. \u0423\u0441\u043b\u043e\u0432\u0438\u044f \u0432\u043e\u0437\u0432\u0440\u0430\u0442\u0430 \u0434\u0435\u043d\u0435\u0433<\/strong><\/h3>\n<p data-start=\"427\" data-end=\"692\">\u23f3 <strong data-start=\"429\" data-end=\"451\">\u0418\u0441\u043f\u044b\u0442\u0430\u0442\u0435\u043b\u044c\u043d\u044b\u0439 \u043f\u0435\u0440\u0438\u043e\u0434<\/strong><br data-start=\"451\" data-end=\"454\" \/>\u041c\u044b \u043f\u0440\u0435\u0434\u043b\u0430\u0433\u0430\u0435\u043c \u0431\u0435\u0441\u043f\u043b\u0430\u0442\u043d\u044b\u0439 \u043f\u0440\u043e\u0431\u043d\u044b\u0439 \u043f\u0435\u0440\u0438\u043e\u0434 \u0432\u0441\u0435\u043c \u043d\u043e\u0432\u044b\u043c \u043f\u043e\u043b\u044c\u0437\u043e\u0432\u0430\u0442\u0435\u043b\u044f\u043c.<br data-start=\"527\" data-end=\"530\" \/>\u0423\u0434\u0435\u043b\u0438\u0442\u0435 \u0432\u0440\u0435\u043c\u044f \u043e\u0446\u0435\u043d\u043a\u0435 \u0443\u0441\u043b\u0443\u0433\u0438 \u043f\u0435\u0440\u0435\u0434 \u043f\u043e\u043a\u0443\u043f\u043a\u043e\u0439.<br data-start=\"591\" data-end=\"594\" \/>\u0417\u0430\u043f\u0440\u043e\u0441\u044b \u043d\u0430 \u0432\u043e\u0437\u0432\u0440\u0430\u0442 \u0441\u0440\u0435\u0434\u0441\u0442\u0432 \u043f\u043e \u0438\u0441\u0442\u0435\u0447\u0435\u043d\u0438\u0438 \u0438\u0441\u043f\u044b\u0442\u0430\u0442\u0435\u043b\u044c\u043d\u043e\u0433\u043e \u0441\u0440\u043e\u043a\u0430 \u0431\u0443\u0434\u0443\u0442 \u0440\u0430\u0441\u0441\u043c\u0430\u0442\u0440\u0438\u0432\u0430\u0442\u044c\u0441\u044f \u0442\u043e\u043b\u044c\u043a\u043e \u0432 \u043e\u0441\u043e\u0431\u044b\u0445 \u0441\u043b\u0443\u0447\u0430\u044f\u0445, \u0443\u043a\u0430\u0437\u0430\u043d\u043d\u044b\u0445 \u043d\u0438\u0436\u0435.<\/p>\n<p data-start=\"694\" data-end=\"948\">\ud83d\udccc <strong data-start=\"697\" data-end=\"725\">\u0414\u0435\u0439\u0441\u0442\u0432\u0438\u0442\u0435\u043b\u044c\u043d\u044b\u0439 \u0437\u0430\u043f\u0440\u043e\u0441 \u043d\u0430 \u0432\u043e\u0437\u0432\u0440\u0430\u0442 \u0441\u0440\u0435\u0434\u0441\u0442\u0432<\/strong><br data-start=\"725\" data-end=\"728\" \/>\u041c\u044b \u043f\u0440\u0438\u043d\u0438\u043c\u0430\u0435\u043c \u0432\u043e\u0437\u0432\u0440\u0430\u0442 \u0442\u043e\u043b\u044c\u043a\u043e \u0432 \u0441\u043b\u0435\u0434\u0443\u044e\u0449\u0438\u0445 \u0441\u043b\u0443\u0447\u0430\u044f\u0445:<br data-start=\"783\" data-end=\"786\" \/>\u2705 \u041f\u0440\u043e\u0433\u0440\u0430\u043c\u043c\u043d\u043e\u0435 \u043e\u0431\u0435\u0441\u043f\u0435\u0447\u0435\u043d\u0438\u0435 \u043d\u0435 \u043c\u043e\u0436\u0435\u0442 \u0431\u044b\u0442\u044c \u0443\u0441\u0442\u0430\u043d\u043e\u0432\u043b\u0435\u043d\u043e \u0438\u043b\u0438 \u0438\u0441\u043f\u043e\u043b\u044c\u0437\u043e\u0432\u0430\u043d\u043e \u043d\u0430 \u0432\u0430\u0448\u0435\u043c \u0443\u0441\u0442\u0440\u043e\u0439\u0441\u0442\u0432\u0435.<br data-start=\"850\" data-end=\"853\" \/>\u2705 \u041f\u0440\u043e\u0433\u0440\u0430\u043c\u043c\u043d\u043e\u0435 \u043e\u0431\u0435\u0441\u043f\u0435\u0447\u0435\u043d\u0438\u0435 \u043d\u0435 \u0440\u0430\u0431\u043e\u0442\u0430\u0435\u0442 \u0442\u0430\u043a, \u043a\u0430\u043a \u0440\u0435\u043a\u043b\u0430\u043c\u0438\u0440\u0443\u0435\u0442\u0441\u044f, \u0438 \u0432\u044b \u043d\u0435 \u043f\u043e\u043b\u0443\u0447\u0430\u0435\u0442\u0435 \u043f\u043e\u0434\u0434\u0435\u0440\u0436\u043a\u0443 \u043e\u0442 <strong data-start=\"931\" data-end=\"947\">GemPhoneFarm<\/strong>.<\/p>\n<p data-start=\"950\" data-end=\"1224\">\ud83d\udd39 <strong data-start=\"953\" data-end=\"962\">\u041f\u0440\u0438\u043c\u0435\u0447\u0430\u043d\u0438\u0435<\/strong>: \u00ab\u041d\u0435 \u0440\u0430\u0431\u043e\u0442\u0430\u0435\u0442 \u0442\u0430\u043a, \u043a\u0430\u043a \u0437\u0430\u044f\u0432\u043b\u0435\u043d\u043e\u00bb \u043f\u0440\u0438\u043c\u0435\u043d\u0438\u043c\u043e \u0442\u043e\u043b\u044c\u043a\u043e \u0432 \u0442\u043e\u043c \u0441\u043b\u0443\u0447\u0430\u0435, \u0435\u0441\u043b\u0438 \u043e\u0448\u0438\u0431\u043a\u0430 \u043d\u0430\u0445\u043e\u0434\u0438\u0442\u0441\u044f \u043d\u0430 <strong data-start=\"1038\" data-end=\"1054\">GemPhoneFarm<\/strong>. \u041c\u044b \u043d\u0435 \u0433\u0430\u0440\u0430\u043d\u0442\u0438\u0440\u0443\u0435\u043c, \u0447\u0442\u043e \u043f\u0440\u043e\u0433\u0440\u0430\u043c\u043c\u043d\u043e\u0435 \u043e\u0431\u0435\u0441\u043f\u0435\u0447\u0435\u043d\u0438\u0435 \u043f\u043e\u0434\u043e\u0439\u0434\u0435\u0442 \u0434\u043b\u044f \u0432\u0430\u0448\u0435\u0439 \u043a\u043e\u043d\u043a\u0440\u0435\u0442\u043d\u043e\u0439 \u0440\u0430\u0431\u043e\u0442\u044b. <strong data-start=\"1136\" data-end=\"1152\">GemPhoneFarm<\/strong> \u044d\u0442\u043e \u0438\u043d\u0441\u0442\u0440\u0443\u043c\u0435\u043d\u0442, \u0438 \u0435\u0433\u043e \u044d\u0444\u0444\u0435\u043a\u0442\u0438\u0432\u043d\u043e\u0441\u0442\u044c \u043f\u043e\u043b\u043d\u043e\u0441\u0442\u044c\u044e \u0437\u0430\u0432\u0438\u0441\u0438\u0442 \u043e\u0442 \u043f\u043e\u043b\u044c\u0437\u043e\u0432\u0430\u0442\u0435\u043b\u044f.<\/p>\n<p data-start=\"1226\" data-end=\"1427\">\ud83d\udd39 \u041f\u043b\u0430\u0442\u0444\u043e\u0440\u043c\u044b \u0440\u0435\u0433\u0443\u043b\u044f\u0440\u043d\u043e \u043e\u0431\u043d\u043e\u0432\u043b\u044f\u044e\u0442\u0441\u044f \u0434\u043b\u044f \u0431\u043e\u0440\u044c\u0431\u044b \u0441 \u0430\u043d\u0442\u0438\u0434\u0435\u0442\u0435\u043a\u0442-\u0431\u0440\u0430\u0443\u0437\u0435\u0440\u0430\u043c\u0438. \u041c\u044b \u0441\u0442\u0440\u0435\u043c\u0438\u043c\u0441\u044f \u043e\u0431\u043d\u043e\u0432\u043b\u044f\u0442\u044c \u043f\u0440\u043e\u0433\u0440\u0430\u043c\u043c\u043d\u043e\u0435 \u043e\u0431\u0435\u0441\u043f\u0435\u0447\u0435\u043d\u0438\u0435 \u043a\u0430\u043a \u043c\u043e\u0436\u043d\u043e \u0431\u044b\u0441\u0442\u0440\u0435\u0435, \u043d\u043e \u044d\u0442\u043e \u043d\u0435 \u043d\u0430\u0448\u0430 \u043e\u0431\u044f\u0437\u0430\u043d\u043d\u043e\u0441\u0442\u044c. <strong data-start=\"1410\" data-end=\"1426\">GemPhoneFarm<\/strong>.<\/p>\n<p data-start=\"1429\" data-end=\"1568\">\u26a0 <strong data-start=\"1431\" data-end=\"1450\">\u0412\u043e\u0437\u0432\u0440\u0430\u0442 \u0441\u0440\u0435\u0434\u0441\u0442\u0432 \u043d\u0435\u0432\u043e\u0437\u043c\u043e\u0436\u0435\u043d<\/strong> \u0415\u0441\u043b\u0438 \u043f\u0440\u043e\u0433\u0440\u0430\u043c\u043c\u043d\u043e\u0435 \u043e\u0431\u0435\u0441\u043f\u0435\u0447\u0435\u043d\u0438\u0435 \u043d\u0435 \u0441\u043e\u043e\u0442\u0432\u0435\u0442\u0441\u0442\u0432\u0443\u0435\u0442 \u0436\u0435\u043b\u0430\u0435\u043c\u043e\u0439 \u0432\u0430\u043c\u0438 \u0440\u0430\u0431\u043e\u0442\u0435. \u0412\u044b \u0438\u043c\u0435\u0435\u0442\u0435 \u043f\u0440\u0430\u0432\u043e \u043f\u043e\u043f\u0440\u043e\u0431\u043e\u0432\u0430\u0442\u044c \u0435\u0433\u043e \u043f\u0435\u0440\u0435\u0434 \u043f\u043e\u043a\u0443\u043f\u043a\u043e\u0439, \u0447\u0442\u043e\u0431\u044b \u043f\u0440\u043e\u0432\u0435\u0440\u0438\u0442\u044c \u0435\u0433\u043e \u043f\u0440\u0438\u0433\u043e\u0434\u043d\u043e\u0441\u0442\u044c.<\/p>\n<h3 data-start=\"1570\" data-end=\"1611\"><strong data-start=\"1574\" data-end=\"1611\">2. \u0421\u043b\u0443\u0447\u0430\u0438 \u043d\u0435\u0432\u043e\u0437\u0432\u0440\u0430\u0442\u0430 \u0434\u0435\u043d\u0435\u0433<\/strong><\/h3>\n<p data-start=\"1613\" data-end=\"1978\">\ud83d\udeab <strong data-start=\"1616\" data-end=\"1635\">\u0418\u0437\u043c\u0435\u043d\u0435\u043d\u0438\u0435 \u043c\u043d\u0435\u043d\u0438\u044f<\/strong>: \u041c\u044b \u043d\u0435 \u0432\u043e\u0437\u0432\u0440\u0430\u0449\u0430\u0435\u043c \u0434\u0435\u043d\u044c\u0433\u0438, \u0435\u0441\u043b\u0438 \u0432\u044b \u043f\u0435\u0440\u0435\u0434\u0443\u043c\u0430\u043b\u0438 \u043f\u043e\u0441\u043b\u0435 \u043f\u043e\u043a\u0443\u043f\u043a\u0438.<br data-start=\"1708\" data-end=\"1711\" \/>\ud83d\udeab <strong data-start=\"1714\" data-end=\"1736\">\u041d\u0430\u0440\u0443\u0448\u0435\u043d\u0438\u0435 \u0443\u0441\u043b\u043e\u0432\u0438\u0439<\/strong>: \u0415\u0441\u043b\u0438 \u0434\u0435\u0439\u0441\u0442\u0432\u0438\u0435 \u0432\u0430\u0448\u0435\u0439 \u0443\u0447\u0435\u0442\u043d\u043e\u0439 \u0437\u0430\u043f\u0438\u0441\u0438 \u043f\u0440\u0438\u043e\u0441\u0442\u0430\u043d\u043e\u0432\u043b\u0435\u043d\u043e \u0438\u043b\u0438 \u043f\u0440\u0435\u043a\u0440\u0430\u0449\u0435\u043d\u043e \u0438\u0437-\u0437\u0430 \u043d\u0430\u0440\u0443\u0448\u0435\u043d\u0438\u044f \u0423\u0441\u043b\u043e\u0432\u0438\u0439 \u043e\u0431\u0441\u043b\u0443\u0436\u0438\u0432\u0430\u043d\u0438\u044f, \u0432\u044b \u043d\u0435 \u0441\u043c\u043e\u0436\u0435\u0442\u0435 \u043f\u043e\u043b\u0443\u0447\u0438\u0442\u044c \u0432\u043e\u0437\u0432\u0440\u0430\u0442 \u0441\u0440\u0435\u0434\u0441\u0442\u0432.<br data-start=\"1861\" data-end=\"1864\" \/>\ud83d\udeab <strong data-start=\"1867\" data-end=\"1886\">\u0421\u0440\u043e\u043a \u0440\u0435\u0433\u0438\u0441\u0442\u0440\u0430\u0446\u0438\u0438 \u0438\u0441\u0442\u0435\u043a<\/strong>: \u0417\u0430\u043f\u0440\u043e\u0441\u044b \u043d\u0430 \u0432\u043e\u0437\u0432\u0440\u0430\u0442 \u0441\u0440\u0435\u0434\u0441\u0442\u0432 \u0437\u0430 \u043f\u0440\u043e\u0441\u0440\u043e\u0447\u0435\u043d\u043d\u044b\u0435 \u0438\u043b\u0438 \u043f\u043e\u043b\u043d\u043e\u0441\u0442\u044c\u044e \u0438\u0441\u043f\u043e\u043b\u044c\u0437\u043e\u0432\u0430\u043d\u043d\u044b\u0435 \u0443\u0441\u043b\u0443\u0433\u0438 \u043d\u0435 \u043f\u0440\u0438\u043d\u0438\u043c\u0430\u044e\u0442\u0441\u044f.<\/p>\n<h3 data-start=\"1980\" data-end=\"2010\"><strong data-start=\"1984\" data-end=\"2010\">3. \u041f\u0440\u043e\u0446\u0435\u0441\u0441 \u0432\u043e\u0437\u0432\u0440\u0430\u0442\u0430 \u0441\u0440\u0435\u0434\u0441\u0442\u0432<\/strong><\/h3>\n<p data-start=\"2012\" data-end=\"2144\">\ud83d\udce9 <strong data-start=\"2015\" data-end=\"2025\">\u0428\u0430\u0433 1<\/strong>: <strong data-start=\"2027\" data-end=\"2042\">\u041e\u0442\u043f\u0440\u0430\u0432\u0438\u0442\u044c \u0437\u0430\u043f\u0440\u043e\u0441<\/strong><br data-start=\"2042\" data-end=\"2045\" \/>\u041e\u0431\u0440\u0430\u0442\u0438\u0442\u0435\u0441\u044c \u0432 \u0441\u043b\u0443\u0436\u0431\u0443 \u043f\u043e\u0434\u0434\u0435\u0440\u0436\u043a\u0438 \u043a\u043b\u0438\u0435\u043d\u0442\u043e\u0432 \u0447\u0435\u0440\u0435\u0437 \u043e\u0444\u0438\u0446\u0438\u0430\u043b\u044c\u043d\u0443\u044e \u0444\u0430\u043d-\u0441\u0442\u0440\u0430\u043d\u0438\u0446\u0443.<br data-start=\"2094\" data-end=\"2097\" \/>\u041f\u0440\u0435\u0434\u043e\u0441\u0442\u0430\u0432\u044c\u0442\u0435 \u0438\u043d\u0444\u043e\u0440\u043c\u0430\u0446\u0438\u044e \u043e \u0437\u0430\u043a\u0430\u0437\u0435 \u0438 \u043f\u0440\u0438\u0447\u0438\u043d\u0443 \u0432\u043e\u0437\u0432\u0440\u0430\u0442\u0430 \u0441\u0440\u0435\u0434\u0441\u0442\u0432.<\/p>\n<p data-start=\"2146\" data-end=\"2340\">\ud83d\udcdd <strong data-start=\"2149\" data-end=\"2159\">\u0428\u0430\u0433 2<\/strong>: <strong data-start=\"2161\" data-end=\"2185\">\u0420\u0430\u0441\u0441\u043c\u043e\u0442\u0440\u0435\u043d\u0438\u0435 \u0438 \u043e\u0434\u043e\u0431\u0440\u0435\u043d\u0438\u0435<\/strong><br data-start=\"2185\" data-end=\"2188\" \/>\u041a\u0430\u0436\u0434\u044b\u0439 \u0437\u0430\u043f\u0440\u043e\u0441 \u0431\u0443\u0434\u0435\u0442 \u0442\u0449\u0430\u0442\u0435\u043b\u044c\u043d\u043e \u0440\u0430\u0441\u0441\u043c\u043e\u0442\u0440\u0435\u043d \u043d\u0430\u0448\u0435\u0439 \u043a\u043e\u043c\u0430\u043d\u0434\u043e\u0439.<br data-start=\"2251\" data-end=\"2254\" \/>\u0412 \u0441\u043b\u0443\u0447\u0430\u0435 \u043e\u0434\u043e\u0431\u0440\u0435\u043d\u0438\u044f \u0432\u043e\u0437\u0432\u0440\u0430\u0442 \u0431\u0443\u0434\u0435\u0442 \u043f\u0440\u043e\u0438\u0437\u0432\u0435\u0434\u0435\u043d \u0441 \u0438\u0441\u043f\u043e\u043b\u044c\u0437\u043e\u0432\u0430\u043d\u0438\u0435\u043c \u043f\u0435\u0440\u0432\u043e\u043d\u0430\u0447\u0430\u043b\u044c\u043d\u043e\u0433\u043e \u0441\u043f\u043e\u0441\u043e\u0431\u0430 \u043e\u043f\u043b\u0430\u0442\u044b.<\/p>\n<p data-start=\"2342\" data-end=\"2539\">\u23f3 <strong data-start=\"2344\" data-end=\"2354\">\u0428\u0430\u0433 3<\/strong>: <strong data-start=\"2356\" data-end=\"2375\">\u0412\u0440\u0435\u043c\u044f \u043e\u0431\u0440\u0430\u0431\u043e\u0442\u043a\u0438<\/strong><br data-start=\"2375\" data-end=\"2378\" \/>\u041f\u043e\u0441\u043b\u0435 \u043e\u0434\u043e\u0431\u0440\u0435\u043d\u0438\u044f \u0432\u043e\u0437\u0432\u0440\u0430\u0442 \u0441\u0440\u0435\u0434\u0441\u0442\u0432 \u0431\u0443\u0434\u0435\u0442 \u043f\u0440\u043e\u0438\u0437\u0432\u0435\u0434\u0435\u043d \u0432 \u0442\u0435\u0447\u0435\u043d\u0438\u0435 7\u201310 \u0440\u0430\u0431\u043e\u0447\u0438\u0445 \u0434\u043d\u0435\u0439.<br data-start=\"2457\" data-end=\"2460\" \/>\u0412\u0440\u0435\u043c\u044f \u043f\u043e\u043b\u0443\u0447\u0435\u043d\u0438\u044f \u043c\u043e\u0436\u0435\u0442 \u0432\u0430\u0440\u044c\u0438\u0440\u043e\u0432\u0430\u0442\u044c\u0441\u044f \u0432 \u0437\u0430\u0432\u0438\u0441\u0438\u043c\u043e\u0441\u0442\u0438 \u043e\u0442 \u0438\u0441\u043f\u043e\u043b\u044c\u0437\u0443\u0435\u043c\u043e\u0433\u043e \u0432\u0430\u043c\u0438 \u043f\u043b\u0430\u0442\u0435\u0436\u043d\u043e\u0433\u043e \u0448\u043b\u044e\u0437\u0430.<\/p>\n<h3 data-start=\"2541\" data-end=\"2563\"><strong data-start=\"2545\" data-end=\"2563\">4. \u041e\u0442\u043c\u0435\u043d\u0430 \u0443\u0441\u043b\u0443\u0433\u0438<\/strong><\/h3>\n<p data-start=\"2565\" data-end=\"2764\">\ud83d\udccc <strong data-start=\"2568\" data-end=\"2587\">\u0420\u0435\u0433\u0438\u0441\u0442\u0440\u0430\u0446\u0438\u043e\u043d\u043d\u044b\u0435 \u0443\u0441\u043b\u0443\u0433\u0438<\/strong>:<br data-start=\"2588\" data-end=\"2591\" \/>\u0415\u0441\u043b\u0438 \u0432\u044b \u043e\u0442\u043c\u0435\u043d\u0438\u0442\u0435 \u043f\u043e\u0434\u043f\u0438\u0441\u043a\u0443 \u0434\u043e \u043e\u043a\u043e\u043d\u0447\u0430\u043d\u0438\u044f \u0440\u0430\u0441\u0447\u0435\u0442\u043d\u043e\u0433\u043e \u043f\u0435\u0440\u0438\u043e\u0434\u0430, \u0432\u044b \u0432\u0441\u0435 \u0440\u0430\u0432\u043d\u043e \u0441\u043c\u043e\u0436\u0435\u0442\u0435 \u043f\u043e\u043b\u044c\u0437\u043e\u0432\u0430\u0442\u044c\u0441\u044f \u0443\u0441\u043b\u0443\u0433\u043e\u0439 \u0434\u043e \u0438\u0441\u0442\u0435\u0447\u0435\u043d\u0438\u044f \u0441\u0440\u043e\u043a\u0430 \u0435\u0435 \u0434\u0435\u0439\u0441\u0442\u0432\u0438\u044f.<br data-start=\"2700\" data-end=\"2703\" \/>\u041c\u044b \u043d\u0435 \u0432\u043e\u0437\u0432\u0440\u0430\u0449\u0430\u0435\u043c \u0434\u0435\u043d\u044c\u0433\u0438 \u0437\u0430 \u043d\u0435\u0438\u0441\u043f\u043e\u043b\u044c\u0437\u043e\u0432\u0430\u043d\u043d\u043e\u0435 \u043e\u0441\u0442\u0430\u0432\u0448\u0435\u0435\u0441\u044f \u0432\u0440\u0435\u043c\u044f.<\/p>\n<h3 data-start=\"2766\" data-end=\"2806\"><strong data-start=\"2770\" data-end=\"2806\">5. \u0418\u0437\u043c\u0435\u043d\u0435\u043d\u0438\u044f \u0432 \u043f\u043e\u043b\u0438\u0442\u0438\u043a\u0435 \u0432\u043e\u0437\u0432\u0440\u0430\u0442\u0430 \u0441\u0440\u0435\u0434\u0441\u0442\u0432<\/strong><\/h3>\n<p data-start=\"2807\" data-end=\"2984\"><strong data-start=\"2807\" data-end=\"2823\">GemPhoneFarm<\/strong> \u043e\u0441\u0442\u0430\u0432\u043b\u044f\u0435\u0442 \u0437\u0430 \u0441\u043e\u0431\u043e\u0439 \u043f\u0440\u0430\u0432\u043e \u0438\u0437\u043c\u0435\u043d\u044f\u0442\u044c \u0438\u043b\u0438 \u043e\u0431\u043d\u043e\u0432\u043b\u044f\u0442\u044c \u041f\u043e\u043b\u0438\u0442\u0438\u043a\u0443 \u0432\u043e\u0437\u0432\u0440\u0430\u0442\u0430 \u0441\u0440\u0435\u0434\u0441\u0442\u0432 \u0432 \u043b\u044e\u0431\u043e\u0435 \u0432\u0440\u0435\u043c\u044f \u0431\u0435\u0437 \u043f\u0440\u0435\u0434\u0432\u0430\u0440\u0438\u0442\u0435\u043b\u044c\u043d\u043e\u0433\u043e \u0443\u0432\u0435\u0434\u043e\u043c\u043b\u0435\u043d\u0438\u044f. \u041b\u044e\u0431\u044b\u0435 \u0438\u0437\u043c\u0435\u043d\u0435\u043d\u0438\u044f \u0432\u0441\u0442\u0443\u043f\u0430\u044e\u0442 \u0432 \u0441\u0438\u043b\u0443 \u043d\u0435\u043c\u0435\u0434\u043b\u0435\u043d\u043d\u043e \u043f\u043e\u0441\u043b\u0435 \u043f\u0443\u0431\u043b\u0438\u043a\u0430\u0446\u0438\u0438 \u043d\u0430 \u0432\u0435\u0431-\u0441\u0430\u0439\u0442\u0435.<\/p>\n<h3 data-start=\"2986\" data-end=\"3014\"><strong data-start=\"2990\" data-end=\"3014\">6. \u041a\u043e\u043d\u0442\u0430\u043a\u0442\u043d\u0430\u044f \u0438\u043d\u0444\u043e\u0440\u043c\u0430\u0446\u0438\u044f<\/strong><\/h3>\n<p data-start=\"3015\" data-end=\"3165\">\ud83d\udce2 \u0415\u0441\u043b\u0438 \u0443 \u0432\u0430\u0441 \u0435\u0441\u0442\u044c \u0432\u043e\u043f\u0440\u043e\u0441\u044b \u043e\u0442\u043d\u043e\u0441\u0438\u0442\u0435\u043b\u044c\u043d\u043e \u043d\u0430\u0448\u0435\u0439 \u041f\u043e\u043b\u0438\u0442\u0438\u043a\u0438 \u0432\u043e\u0437\u0432\u0440\u0430\u0442\u0430 \u0441\u0440\u0435\u0434\u0441\u0442\u0432, \u0441\u0432\u044f\u0436\u0438\u0442\u0435\u0441\u044c \u0441 \u043d\u0430\u043c\u0438 \u043f\u043e \u0430\u0434\u0440\u0435\u0441\u0443:<br data-start=\"3120\" data-end=\"3123\" \/>\ud83d\udccc <strong data-start=\"3126\" data-end=\"3165\">\u041e\u0444\u0438\u0446\u0438\u0430\u043b\u044c\u043d\u0430\u044f \u0444\u0430\u043d-\u0441\u0442\u0440\u0430\u043d\u0438\u0446\u0430 GemPhoneFarm<\/strong><\/p>\n<\/div>","protected":false},"excerpt":{"rendered":"<p>T\u1ea1i GemPhoneFarm, ch\u00fang t\u00f4i cam k\u1ebft cung c\u1ea5p d\u1ecbch v\u1ee5 ch\u1ea5t l\u01b0\u1ee3ng cao v\u00e0 \u0111\u1ea3m b\u1ea3o s\u1ef1 h\u00e0i l\u00f2ng c\u1ee7a kh\u00e1ch h\u00e0ng. Tuy nhi\u00ean, ch\u00fang t\u00f4i hi\u1ec3u r\u1eb1ng c\u00f3 th\u1ec3 c\u00f3 nh\u1eefng t\u00ecnh hu\u1ed1ng ph\u00e1t sinh khi\u1ebfn b\u1ea1n c\u1ea7n y\u00eau c\u1ea7u ho\u00e0n ti\u1ec1n. Ch\u00ednh s\u00e1ch n\u00e0y \u0111\u01b0\u1ee3c thi\u1ebft l\u1eadp \u0111\u1ec3 \u0111\u1ea3m b\u1ea3o t\u00ednh minh b\u1ea1ch&#8230;<\/p>","protected":false},"author":1,"featured_media":0,"parent":0,"menu_order":0,"comment_status":"closed","ping_status":"closed","template":"","meta":{"_kad_post_transparent":"default","_kad_post_title":"default","_kad_post_layout":"default","_kad_post_sidebar_id":"","_kad_post_content_style":"default","_kad_post_vertical_padding":"default","_kad_post_feature":"","_kad_post_feature_position":"","_kad_post_header":false,"_kad_post_footer":false,"footnotes":""},"class_list":["post-1679","page","type-page","status-publish","hentry"],"_links":{"self":[{"href":"https:\/\/gemphonefarm.vn\/ru\/wp-json\/wp\/v2\/pages\/1679","targetHints":{"allow":["GET"]}}],"collection":[{"href":"https:\/\/gemphonefarm.vn\/ru\/wp-json\/wp\/v2\/pages"}],"about":[{"href":"https:\/\/gemphonefarm.vn\/ru\/wp-json\/wp\/v2\/types\/page"}],"author":[{"embeddable":true,"href":"https:\/\/gemphonefarm.vn\/ru\/wp-json\/wp\/v2\/users\/1"}],"replies":[{"embeddable":true,"href":"https:\/\/gemphonefarm.vn\/ru\/wp-json\/wp\/v2\/comments?post=1679"}],"version-history":[{"count":2,"href":"https:\/\/gemphonefarm.vn\/ru\/wp-json\/wp\/v2\/pages\/1679\/revisions"}],"predecessor-version":[{"id":1681,"href":"https:\/\/gemphonefarm.vn\/ru\/wp-json\/wp\/v2\/pages\/1679\/revisions\/1681"}],"wp:attachment":[{"href":"https:\/\/gemphonefarm.vn\/ru\/wp-json\/wp\/v2\/media?parent=1679"}],"curies":[{"name":"wp","href":"https:\/\/api.w.org\/{rel}","templated":true}]}}